{"id":8136,"date":"2022-08-25T12:51:35","date_gmt":"2022-08-25T10:51:35","guid":{"rendered":"https:\/\/xn--physiozentrum-grndberg-7lc.at\/?page_id=8136"},"modified":"2022-08-25T13:05:53","modified_gmt":"2022-08-25T11:05:53","slug":"datenschutz","status":"publish","type":"page","link":"https:\/\/xn--physiozentrum-grndberg-7lc.at\/?page_id=8136","title":{"rendered":"Datenschutz"},"content":{"rendered":"<div id=\"pl-8136\"  class=\"panel-layout\" ><div id=\"pg-8136-0\"  class=\"panel-grid panel-no-style\" ><div id=\"pgc-8136-0-0\"  class=\"panel-grid-cell\" ><div id=\"panel-8136-0-0-0\" class=\"so-panel widget widget_sow-editor panel-first-child panel-last-child\" data-index=\"0\" ><div\n\t\t\t\n\t\t\tclass=\"so-widget-sow-editor so-widget-sow-editor-base\"\n\t\t\t\n\t\t><h3 class=\"widget-title\">Datenschutzerkl\u00e4rung<\/h3>\n<div class=\"siteorigin-widget-tinymce textwidget\">\n\t<h4>Allgemeine Hinweise<\/h4>\n<p>Die folgenden Hinweise geben einen einfachen \u00dcberblick dar\u00fcber, was mit Ihren personenbezogenen Daten passiert, wenn Sie meine Website besuchen. Personenbezogene Daten sind alle Daten, mit denen Sie pers\u00f6nlich identifiziert werden k\u00f6nnen. Ausf\u00fchrliche Informationen zum Thema Datenschutz entnehmen Sie der folgenden Datenschutzerkl\u00e4rung:<\/p>\n<h4>Datenerfassung auf der Website<\/h4>\n<p>Die Datenverarbeitung auf dieser Website erfolgt durch den Websitebetreiber. Die Kontaktdaten k\u00f6nnen Sie dem\u00a0<a href=\"https:\/\/xn--physiozentrum-grndberg-7lc.at\/?page_id=8131\">Impressum<\/a>\u00a0dieser Website entnehmen.<\/p>\n<h4 id=\"heading_Ihre_Rechte\">Ihre Rechte<\/h4>\n<p>Sie haben jederzeit das Recht unentgeltlich Auskunft \u00fcber Herkunft, Empf\u00e4nger und Zweck Ihrer gespeicherten personenbezogenen Daten zu erhalten. Sie haben au\u00dferdem das Recht, die Berichtigung, Sperrung oder L\u00f6schung dieser Daten zu verlangen. Hierzu sowie zu weiteren Fragen zum Thema Datenschutz k\u00f6nnen Sie sich jederzeit unter der im Impressum angegebenen Adresse an mich wenden. Des Weiteren steht Ihnen ein Beschwerderecht bei der zust\u00e4ndigen Aufsichtsbeh\u00f6rde zu.<\/p>\n<h4>Datenschutz<\/h4>\n<p>Der Schutz Ihrer pers\u00f6nlichen Daten ist mir ein besonderes Anliegen. Ich verarbeite Ihre Daten daher ausschlie\u00dflich auf Grundlage der gesetzlichen Bestimmungen (DSGVO, TKG 2003). In diesen Datenschutzinformationen informiere ich Sie \u00fcber die wichtigsten Aspekte der Datenverarbeitung im Rahmen meiner Website.<\/p>\n<p>Die Nutzung dieser Webseite ist in der Regel ohne Angabe personenbezogener Daten m\u00f6glich.<\/p>\n<h4>Kontaktformular<\/h4>\n<p>Wenn Sie per Formular, per E-Mail oder durch Nutzung der Online-Terminvereinbarung auf der Website Kontakt mit mir aufnehmen, werden Ihre angegebenen Daten zwecks Bearbeitung der Anfrage und f\u00fcr den Fall von Anschlussfragen bei mir gespeichert. Diese Daten gebe ich nicht ohne Ihre Einwilligung weiter.<\/p>\n<h4>SSL-Verschl\u00fcsselung<\/h4>\n<p>Diese Seite nutzt aus Gr\u00fcnden der Sicherheit und zum Schutz der \u00dcbertragung vertraulicher Inhalte, wie zum Beispiel der Anfragen, die Sie an mich als Seitenbetreiber senden, eine SSL-Verschl\u00fcsselung. Eine verschl\u00fcsselte Verbindung erkennen Sie daran, dass die Adresszeile des Browsers von \u201ehttp:\/\/\u201c auf \u201ehttps:\/\/\u201c wechselt und an dem Schloss-Symbol in Ihrer Browserzeile. Wenn die SSL Verschl\u00fcsselung aktiviert ist, k\u00f6nnen die Daten, die Sie an mich \u00fcbermitteln, nicht von Dritten mitgelesen werden.<\/p>\n<h4>Google Maps<\/h4>\n<p>Diese Webseite verwendet das Produkt Google Maps. Anbieter ist die Google Inc., 1600 Amphitheatre Parkway, Mountain View, CA 94043, USA. Durch Nutzung dieser Webseite erkl\u00e4ren Sie sich mit der Erfassung, Bearbeitung sowie Nutzung der automatisiert erhobenen Daten durch Google Inc, deren Vertreter sowie Dritter einverstanden. Weitere Informationen unter\u00a0<a href=\"http:\/\/www.google.com\/intl\/de_de\/help\/terms_maps.html\" target=\"_blank\" rel=\"noreferrer noopener\">Nutzungsbedingungen von Google Maps<\/a><\/p>\n<h4>Google Web Fonts<\/h4>\n<p>Auf dieser Website sind Google Web Fonts implementiert. Mittels dieser wird die Darstellung von Schriften erm\u00f6glicht. Durch den Einsatz von Google Web Fonts wird beim Nutzen dieses Angebots ein externer Server von Google in den USA aufgerufen, d.h. Google ist theoretisch \u00fcber die Angebotsnutzung in Kenntnis gesetzt. Weitere datenschutzrechtliche Hinweise sind den Seiten des Anbieters \u201eGoogle\u201c zu entnehmen.<\/p>\n<\/div>\n<\/div><\/div><\/div><\/div><\/div>","protected":false},"excerpt":{"rendered":"<p>Allgemeine Hinweise Die folgenden Hinweise geben einen einfachen \u00dcberblick dar\u00fcber, was mit Ihren personenbezogenen Daten passiert, wenn Sie meine Website besuchen. Personenbezogene Daten sind alle Daten, mit denen Sie pers\u00f6nlich identifiziert werden k\u00f6nnen. Ausf\u00fchrliche Informationen zum Thema Datenschutz entnehmen Sie der folgenden Datenschutzerkl\u00e4rung: Datenerfassung auf der Website Die Datenverarbeitung auf dieser Website erfolgt durch den [&hellip;]<\/p>\n","protected":false},"author":1,"featured_media":0,"parent":0,"menu_order":0,"comment_status":"closed","ping_status":"closed","template":"","meta":{"footnotes":""},"class_list":["post-8136","page","type-page","status-publish","hentry"],"acf":[],"_links":{"self":[{"href":"https:\/\/xn--physiozentrum-grndberg-7lc.at\/index.php?rest_route=\/wp\/v2\/pages\/8136","targetHints":{"allow":["GET"]}}],"collection":[{"href":"https:\/\/xn--physiozentrum-grndberg-7lc.at\/index.php?rest_route=\/wp\/v2\/pages"}],"about":[{"href":"https:\/\/xn--physiozentrum-grndberg-7lc.at\/index.php?rest_route=\/wp\/v2\/types\/page"}],"author":[{"embeddable":true,"href":"https:\/\/xn--physiozentrum-grndberg-7lc.at\/index.php?rest_route=\/wp\/v2\/users\/1"}],"replies":[{"embeddable":true,"href":"https:\/\/xn--physiozentrum-grndberg-7lc.at\/index.php?rest_route=%2Fwp%2Fv2%2Fcomments&post=8136"}],"version-history":[{"count":5,"href":"https:\/\/xn--physiozentrum-grndberg-7lc.at\/index.php?rest_route=\/wp\/v2\/pages\/8136\/revisions"}],"predecessor-version":[{"id":8152,"href":"https:\/\/xn--physiozentrum-grndberg-7lc.at\/index.php?rest_route=\/wp\/v2\/pages\/8136\/revisions\/8152"}],"wp:attachment":[{"href":"https:\/\/xn--physiozentrum-grndberg-7lc.at\/index.php?rest_route=%2Fwp%2Fv2%2Fmedia&parent=8136"}],"curies":[{"name":"wp","href":"https:\/\/api.w.org\/{rel}","templated":true}]}}