{"id":8134,"date":"2022-08-25T12:50:34","date_gmt":"2022-08-25T10:50:34","guid":{"rendered":"https:\/\/xn--physiozentrum-grndberg-7lc.at\/?page_id=8134"},"modified":"2022-08-25T13:12:02","modified_gmt":"2022-08-25T11:12:02","slug":"agb","status":"publish","type":"page","link":"https:\/\/xn--physiozentrum-grndberg-7lc.at\/?page_id=8134","title":{"rendered":"AGB"},"content":{"rendered":"<div id=\"pl-8134\"  class=\"panel-layout\" ><div id=\"pg-8134-0\"  class=\"panel-grid panel-no-style\" ><div id=\"pgc-8134-0-0\"  class=\"panel-grid-cell\" ><div id=\"panel-8134-0-0-0\" class=\"so-panel widget widget_sow-editor panel-first-child panel-last-child\" data-index=\"0\" ><div\n\t\t\t\n\t\t\tclass=\"so-widget-sow-editor so-widget-sow-editor-base\"\n\t\t\t\n\t\t>\n<div class=\"siteorigin-widget-tinymce textwidget\">\n\t<h4>1. Worauf m\u00fcssen Sie vor Behandlungsbeginn achten?<\/h4>\n<h5>1.1. \u00c4rztliche Verordnung<\/h5>\n<p>F\u00fcr Ihre Behandlung ben\u00f6tigen Sie eine \u00e4rztliche Verordnung. Diese erhalten sie von der \u00c4rztin\/vom Arzt Ihres Vertrauens, die\/der zur Ausstellung dieser Verordnung berechtigt ist. Die Verordnung muss neben pers\u00f6nlichen Daten<\/p>\n<div class=\"wp-container-6307510dcc45a wp-block-group\">\n<div class=\"wp-block-group__inner-container\">\n<ul>\n<li>eine medizinische Diagnose<\/li>\n<li>die Anzahl der Behandlungseinheiten und<\/li>\n<li>die verordnete Behandlung<\/li>\n<\/ul>\n<\/div>\n<\/div>\n<p>beinhalten.<\/p>\n<p>Ohne \u00e4rztliche Verordnung k\u00f6nnen Sie meine Leistungen nur pr\u00e4ventiv in Anspruch nehmen.<br \/>\nPr\u00e4ventive Leistungen d\u00fcrfen berufsrechtlich nur an Gesunde erbracht werden. Sollten Sie z.B. unter Schmerzen leiden oder sollten Ihnen andere behandlungsbed\u00fcrftige Leiden bekannt sein oder auftreten, teilen Sie mir dies sofort mit.<\/p>\n<h5>1.2. Verrechnung der Behandlungskosten<\/h5>\n<p>Die Kosten der Behandlung bemessen sich nach einer Kombination aus Einzelleistung, ben\u00f6tigter Zeit und eventuell f\u00fcr die Behandlung ben\u00f6tigtem Material und werden Ihnen bei Behandlungsbeginn bekannt gegeben. Ich habe keinen Vertrag mit Ihrem Krankenversicherungstr\u00e4ger. Sie begleichen die Kosten direkt mit mir als Wahltherapeutin und suchen bei Ihrem zust\u00e4ndigen Krankenversicherungstr\u00e4ger um teilweisen R\u00fcckersatz gem\u00e4\u00df dem Kassentarif\/satzungsm\u00e4\u00dfigen Kostenzuschuss an. Angaben zum zu erwartenden Kostenersatz\/Kostenzuschuss k\u00f6nnen nur unter Vorbehalt der Entscheidung Ihres Sozialversicherungstr\u00e4gers gegeben werden.<\/p>\n<h5>1.3. Chef\u00e4rztliche Genehmigung Ihres Krankenversicherungstr\u00e4gers<\/h5>\n<p>Ihr Krankenversicherungstr\u00e4ger \u00fcbernimmt einen Teil der Behandlungskosten. Dazu ben\u00f6tigen Sie eine Bewilligung der \u00e4rztlichen Verordnung durch die chef\u00e4rztliche Abteilung Ihrer zust\u00e4ndigen Krankenversicherung. Damit bewilligt der Krankenversicherungstr\u00e4ger die R\u00fcckerstattung der anteiligen Kosten\/des satzungsm\u00e4\u00dfigen Kostenzuschusses nach erfolgter Durchf\u00fchrung der Behandlung und nach Begleichung der Behandlungskosten aufgrund der gleichzeitig mit der chef\u00e4rztlich bewilligten Verordnung vorgelegten Honorarnote.<\/p>\n<h5>1.4. Befunde<\/h5>\n<p>Eine fachgerechte Behandlung erfordert eine ausf\u00fchrliche Erstbegutachtung. Dabei bin ich auf Ihre Mithilfe angewiesen. Daher werden Sie gebeten, zum ersten Termin alle relevanten Befunde mitzubringen.<\/p>\n<h4>2. Wie gestaltet sich der Ablauf der Therapie?<\/h4>\n<h5>2.1. Pers\u00f6nliche Einzelbetreuung<\/h5>\n<p>F\u00fcr die Dauer der Behandlung stehe ich ausschlie\u00dflich Ihnen zur Verf\u00fcgung. Ich bin Ihre Ansprechpartnerin in organisatorischen und fachlichen Fragen der Behandlung.<\/p>\n<p>Mit mir vereinbaren Sie die f\u00fcr Sie wichtigen Bereiche wie \u2026<\/p>\n<div class=\"wp-container-6307510dcc9c2 wp-block-group\">\n<div class=\"wp-block-group__inner-container\">\n<ul>\n<li>Wohin? \u2013&gt; Behandlungsziel<\/li>\n<li>Was? \u2013&gt; Ma\u00dfnahmen der Behandlung<\/li>\n<li>Wann? \u2013&gt; Behandlungstermine<\/li>\n<li>Wie lange? \u2013&gt; Behandlungsdauer<\/li>\n<li>Wie h\u00e4ufig? \u2013&gt; Behandlungsfrequenz<\/li>\n<li>Bis wann? \u2013&gt; Behandlungsumfang<\/li>\n<li>Wie viel? \u2013&gt; Kosten der Behandlung<\/li>\n<\/ul>\n<\/div>\n<\/div>\n<h5>2.2. Ihre Behandlung<\/h5>\n<p>Meine Leistungen setzen sich aus allen unmittelbar mit und f\u00fcr Sie erbrachten Ma\u00dfnahmen zusammen,\u00a0 wie insbesondere<\/p>\n<div class=\"wp-container-6307510dccde2 wp-block-group\">\n<div class=\"wp-block-group__inner-container\">\n<ul>\n<li>pers\u00f6nliche individuelle Behandlung einschlie\u00dflich Befunderhebung und Beratung<\/li>\n<li>behandlungsbezogene Administration, Terminvergabe<\/li>\n<li>f\u00fcr die Behandlung notwendige Vor- und Nachbereitung wie z.B. Herstellung, Anpassung und Bereitstellen individuellen Therapiematerials<\/li>\n<li>Dokumentation (Krankengeschichte) und 10-j\u00e4hrige Aufbewahrung, wobei Sie ein Recht zur Einsichtnahme und Kopie (gegen Kostenersatz) haben<\/li>\n<li>bei Bedarf\/nach Anfrage: Verfassen von \u00fcber die Dokumentation hinausreichenden, individuellen Befunden zur Vorlage bei diversen Stellen wie Krankenversicherungstr\u00e4gern, behandelnden \u00c4rztInnen, privaten Versicherungstr\u00e4gern und \u00e4hnlichen Stellen<\/li>\n<\/ul>\n<\/div>\n<\/div>\n<p>Mit Ihrer Unterschrift im Anschluss an eine Behandlungssitzung best\u00e4tigen Sie die Inanspruchnahme der Behandlung. Dies ist eine Voraussetzung f\u00fcr die Kostentragung durch Ihren Krankenversicherungstr\u00e4ger.<\/p>\n<h5>2.3. Grunds\u00e4tze der Behandlung<\/h5>\n<div class=\"wp-container-6307510dcd1d1 wp-block-group\">\n<div class=\"wp-block-group__inner-container\">\n<ul>\n<li>Gesetz: Die Behandlung erfolgt in \u00dcbereinstimmung mit den einschl\u00e4gigen gesetzlichen Bestimmungen, insbesondere dem Bundesgesetz \u00fcber die Regelung der gehobenen medizinisch-technischen Dienste in der geltenden Fassung. (MTD-Gesetz)<\/li>\n<li>Wissenschaft: Ich orientiere mich an den aktuellen wissenschaftlichen Erkenntnissen.<\/li>\n<li>Selbstbestimmung: Ich unterbreite Ihnen auf der Grundlage der \u00e4rztlichen Verordnung und der Erstbegutachtung einen Behandlungsvorschlag. Es obliegt Ihnen, dieses Angebot anzunehmen oder Anpassungen mit mir abzusprechen.<\/li>\n<li>Verschwiegenheit: Alle Informationen, die Sie mir geben, unterliegen der Verschwiegenheitspflicht. Es wird davon ausgegangen, dass ein Informationsaustausch zum Zwecke der Behandlungsoptimierung mit der verordnenden \u00c4rztin\/dem verordnenden Arzt als auch den weiteren, von Ihnen genannten und an der Behandlung beteiligen Gesundheitsberufen gew\u00fcnscht ist. Ohne Ihr Wollen werden diese Informationen keiner anderen Person weitergegeben. Sollte sich eine weitere Informationsweitergabe aus medizinisch-therapeutischen Gr\u00fcnden als sinnvoll und notwendig erweisen, werde ich mit Ihnen dar\u00fcber beraten. Dasselbe gilt f\u00fcr die Weitergabe der aus gesetzlichen Gr\u00fcnden verpflichtenden Dokumentation.<\/li>\n<\/ul>\n<\/div>\n<\/div>\n<h5>2.4. Dokumentation<\/h5>\n<p>Ich bin gesetzlich zur Dokumentation u.a. der therapeutischen Ma\u00dfnahmen in einer Krankengeschichte verpflichtet.\u00a0 Nach Beendigung der Behandlung verbleibt die Dokumentation bei mir und wird \u00fcber den gesetzlich verpflichtenden Zeitraum von 10 Jahren aufbewahrt.<\/p>\n<h4>3. Was sollten Sie \u00fcber die Kosten der Behandlung wissen?<\/h4>\n<h5>3.1. H\u00f6he der Kosten<\/h5>\n<p>Die Kosten bemessen sich nach einer Kombination aus Einzelleistung, ben\u00f6tigter Zeit und eventuell f\u00fcr die Behandlung ben\u00f6tigtem Material. Die Kosten der individuell in Aussicht genommenen Behandlung werden Ihnen von mir zu Beginn der Behandlung mitgeteilt und erscheinen auf meiner aktuellen Website.<\/p>\n<h5>3.2. Zahlungsmodus<\/h5>\n<p>Ich stelle Ihnen bei Ende der Behandlung (bzw. Behandlungssitzungen der \u00e4rztlichen Verordnung) eine Honorarnote \u00fcber die Gesamtkosten der Behandlungssitzungen aus.<br \/>\nFolgenden Zahlungsmodus k\u00f6nnen Sie mit mir vereinbaren:<\/p>\n<div class=\"wp-container-6307510dcd63e wp-block-group\">\n<div class=\"wp-block-group__inner-container\">\n<ul>\n<li>Barzahlung<\/li>\n<li>Zahlung mit Erlagschein\/Bank\u00fcberweisung<\/li>\n<\/ul>\n<\/div>\n<\/div>\n<p>Mit mir vereinbaren Sie den Zeitpunkt der Bezahlung (F\u00e4lligkeit) \u2013 er ist der Honorarnote zu entnehmen. Geraten Sie mit der vereinbarten Zahlungsmodalit\u00e4t in Verzug, behalte ich mir das Recht vor, Verzugszinsen in der gesetzlich zul\u00e4ssigen H\u00f6he von 4 % in Rechnung zu stellen.<\/p>\n<p>F\u00fcr im Zusammenhang mit nicht entsprechend der F\u00e4lligkeit bezahlten Honorarforderungen durchgef\u00fchrte Mahnungen bemessen sich die erhobenen Mahnspesen f\u00fcr die erste Mahnung auf Euro 15,\u2013, f\u00fcr die zweite Mahnung auf Euro 25,\u2013 und f\u00fcr die dritte Mahnung auf Euro 35,\u2013. Die Gesamtkosten der Behandlung ergeben sich daher aus der Honorarforderung zuz\u00fcglich etwaiger, anfallender Verzugszinsen und Mahnspesen.<\/p>\n<h4>4. Was ist Ihr Anteil an einer erfolgreichen Behandlung?<\/h4>\n<p>Ich begleite Sie auf Ihrem ganz pers\u00f6nlichen Weg und stehe Ihnen mit Rat und Tat zur Seite. Im Rahmen der Erstbegutachtung werden Behandlungsziel und -massnahmen besprochen und vereinbart. Eine erfolgreiche Behandlung setzt voraus, dass Sie mir\u00a0 \u00fcber Ihren Gesundheitszustand Auskunft geben und die mit den aktuellen Beschwerden in Zusammenhang stehenden sowie bisher vorgenommenen Untersuchungen und Behandlungen. Ich unterst\u00fctze Sie dabei durch gezielte Fragestellungen.<\/p>\n<p>Zur Erreichung des bestm\u00f6glichen Behandlungserfolges ist Ihre Mithilfe unentbehrlich. Mithilfe kann bedeuten, bestimmte Handlungsanleitungen zu befolgen, erlernte \u00dcbungen zu wiederholen oder gewisse Handlungen zu unterlassen.<\/p>\n<p>Erhalte ich den Eindruck, dass der Behandlungserfolg z.B. mangels Ihrer Mithilfe nicht erreichbar erscheint, werde ich\u00a0 Sie darauf ansprechen und versuchen, eine L\u00f6sung anzubieten.<\/p>\n<h4>5. Wie sagen Sie einen vereinbarten Behandlungstermin ab?<\/h4>\n<p>K\u00f6nnen Sie einen vereinbarten Behandlungstermin nicht wahrnehmen, werden Sie ersucht, mir dies unverz\u00fcglich \u2013 sp\u00e4testens aber werktags 24 Stunden vor dem vereinbarten Termin \u2013 mitzuteilen . Andernfalls behalte ich mir das Recht vor, den nicht wahrgenommenen Termin in der H\u00f6he jener Kosten, die Sie auch bei durchgef\u00fchrter Behandlung zu zahlen gehabt h\u00e4tten, in Rechnung zu stellen. Diese Kosten k\u00f6nnen nicht beim Krankenversicherungstr\u00e4ger geltend gemacht werden.<\/p>\n<h4>6. Wann endet die Behandlung?<\/h4>\n<p>Die \u00e4rztliche Verordnung begrenzt den Umfang der Behandlung. Sollte eine Behandlung dar\u00fcber hinaus notwendig sein, ben\u00f6tigen Sie eine neue (falls Sie eine R\u00fcckerstattung w\u00fcnschen auch chef\u00e4rztlich bewilligte) \u00e4rztliche Verordnung.<\/p>\n<p>Die Behandlung endet \u00fcblicherweise im Einvernehmen. Sowohl Ihnen als auch mir steht es dar\u00fcber hinaus frei, die Behandlung jederzeit und ohne Angabe von Gr\u00fcnden abzubrechen. Ich werde mich insbesondere zum Abbruch der Behandlung entscheiden, wenn ich der Meinung bin, dass die Behandlung nicht zum gew\u00fcnschten beziehungsweise vereinbarten Erfolg f\u00fchrt oder medizinisch-therapeutisch andere Behandlungsma\u00dfnahmen angezeigt sind.<\/p>\n<p>Dasselbe gilt, wenn mir die Behandlung aus therapeutischer Sicht nicht mehr verantwortbar erscheint oder Sie den vereinbarten Zahlungsmodus nicht einhalten. Bei vorzeitiger Beendigung gelangen jene Behandlungssitzungen zur Verrechnung, die Sie tats\u00e4chlich in Anspruch genommen haben. Eine Ausnahme stellen nicht rechtzeitig abgesagte Termine dar (siehe dazu oben).<\/p>\n<h4>7. Wie suchen Sie bei Ihrem Krankenversicherungstr\u00e4ger um R\u00fcckersatz der tarifm\u00e4\u00dfigen Behandlungskosten\/satzungsm\u00e4\u00dfigen Kostenzuschuss an?<\/h4>\n<p>Sie reichen die vor Beginn der Behandlung chef\u00e4rztlich bewilligte \u00e4rztliche Verordnung \u2013 versehen mit den von Ihnen unterzeichneten Daten der bereits erfolgten Behandlungen \u2013 und der von mir ausgestellten Honorarnote bei Ihrem Krankenversicherungstr\u00e4ger ein und ersuchen um \u00dcberweisung auf ein von Ihnen angegebenes Konto oder Postanweisung des gem\u00e4\u00df Kassentarif\/Satzung des Sozialversicherungstr\u00e4gers zum Kostenersatz gelangenden Betrages. Ich berate Sie bez\u00fcglich der ungef\u00e4hren H\u00f6he des Betrages, den Ihre Krankenversicherung r\u00fcckerstattet\/bezuschusst. Angaben zum zu erwartenden Kostenersatz\/Kostenzuschuss k\u00f6nnen nur unter Vorbehalt der Entscheidung Ihres Sozialversicherungstr\u00e4gers gegeben werden.<\/p>\n<\/div>\n<\/div><\/div><\/div><\/div><\/div>","protected":false},"excerpt":{"rendered":"<p>1. Worauf m\u00fcssen Sie vor Behandlungsbeginn achten? 1.1. \u00c4rztliche Verordnung F\u00fcr Ihre Behandlung ben\u00f6tigen Sie eine \u00e4rztliche Verordnung. Diese erhalten sie von der \u00c4rztin\/vom Arzt Ihres Vertrauens, die\/der zur Ausstellung dieser Verordnung berechtigt ist. Die Verordnung muss neben pers\u00f6nlichen Daten eine medizinische Diagnose die Anzahl der Behandlungseinheiten und die verordnete Behandlung beinhalten. Ohne \u00e4rztliche Verordnung [&hellip;]<\/p>\n","protected":false},"author":1,"featured_media":0,"parent":0,"menu_order":0,"comment_status":"closed","ping_status":"closed","template":"","meta":{"footnotes":""},"class_list":["post-8134","page","type-page","status-publish","hentry"],"acf":[],"_links":{"self":[{"href":"https:\/\/xn--physiozentrum-grndberg-7lc.at\/index.php?rest_route=\/wp\/v2\/pages\/8134","targetHints":{"allow":["GET"]}}],"collection":[{"href":"https:\/\/xn--physiozentrum-grndberg-7lc.at\/index.php?rest_route=\/wp\/v2\/pages"}],"about":[{"href":"https:\/\/xn--physiozentrum-grndberg-7lc.at\/index.php?rest_route=\/wp\/v2\/types\/page"}],"author":[{"embeddable":true,"href":"https:\/\/xn--physiozentrum-grndberg-7lc.at\/index.php?rest_route=\/wp\/v2\/users\/1"}],"replies":[{"embeddable":true,"href":"https:\/\/xn--physiozentrum-grndberg-7lc.at\/index.php?rest_route=%2Fwp%2Fv2%2Fcomments&post=8134"}],"version-history":[{"count":4,"href":"https:\/\/xn--physiozentrum-grndberg-7lc.at\/index.php?rest_route=\/wp\/v2\/pages\/8134\/revisions"}],"predecessor-version":[{"id":8157,"href":"https:\/\/xn--physiozentrum-grndberg-7lc.at\/index.php?rest_route=\/wp\/v2\/pages\/8134\/revisions\/8157"}],"wp:attachment":[{"href":"https:\/\/xn--physiozentrum-grndberg-7lc.at\/index.php?rest_route=%2Fwp%2Fv2%2Fmedia&parent=8134"}],"curies":[{"name":"wp","href":"https:\/\/api.w.org\/{rel}","templated":true}]}}