{"id":8131,"date":"2022-08-25T12:49:12","date_gmt":"2022-08-25T10:49:12","guid":{"rendered":"https:\/\/xn--physiozentrum-grndberg-7lc.at\/?page_id=8131"},"modified":"2023-10-21T23:48:01","modified_gmt":"2023-10-21T21:48:01","slug":"impressum","status":"publish","type":"page","link":"https:\/\/xn--physiozentrum-grndberg-7lc.at\/?page_id=8131","title":{"rendered":"Impressum"},"content":{"rendered":"<div id=\"pl-8131\"  class=\"panel-layout\" ><div id=\"pg-8131-0\"  class=\"panel-grid panel-no-style\" ><div id=\"pgc-8131-0-0\"  class=\"panel-grid-cell\" ><div id=\"panel-8131-0-0-0\" class=\"so-panel widget widget_sow-editor panel-first-child panel-last-child\" data-index=\"0\" ><div\n\t\t\t\n\t\t\tclass=\"so-widget-sow-editor so-widget-sow-editor-base\"\n\t\t\t\n\t\t><h3 class=\"widget-title\">Impressum<\/h3>\n<div class=\"siteorigin-widget-tinymce textwidget\">\n\t<p><strong>Diensteanbieter und Medieninhaber:<\/strong><br \/>\nKarin &amp; Dominik Wimmer<br \/>\nLeonfeldnerstra\u00dfe 150<br \/>\n4040 Linz<br \/>\noffice@physiozentrum-gr\u00fcndberg.at<\/p>\n<p><strong>Zust\u00e4ndiger Berufsverband:<br \/>\n<\/strong>Physio Austria, Bundesverband der PhysiotherapeutInnen \u00d6sterreichs<br \/>\n(www.physioaustria.at)<\/p>\n<p><strong>Berufsbezeichnung:<br \/>\n<\/strong>PhysiotherapeutIn (Diplom erworben in der Republik \u00d6sterreich)<\/p>\n<p><strong>Freiberuflichenbescheid\/Meldung zur Freiberuflichkeit:<\/strong><br \/>\nMagistrat der Stadt Linz, Oktober\u00a02011<br \/>\nDie T\u00e4tigkeit unterliegt dem MTD-Gesetz (BGBINr. 460\/1992 in der geltenden Fassung)<br \/>\n(http:\/\/www.ris.bka.gv.at\/bgbl)<\/p>\n<p><strong>Verantwortlich f\u00fcr den Inhalt\u00a0dieser Webseite:<br \/>\n<\/strong>Karin Wimmer + Dominik Wimmer<\/p>\n<p><strong>Bildnachweis<\/strong><br \/>\n(c) Stefan Pallek, <a href=\"https:\/\/www.stefanpallek.at\">www.stefanpallek.at<\/a><\/p>\n<p>\u00c4nderungen, Rechte und Irrt\u00fcmer vorbehalten.<\/p>\n<p>Version 2022 \/ 1.0<br \/>\nAugust 2022<\/p>\n<\/div>\n<\/div><\/div><\/div><\/div><div id=\"pg-8131-1\"  class=\"panel-grid panel-no-style\" ><div id=\"pgc-8131-1-0\"  class=\"panel-grid-cell\" ><div id=\"panel-8131-1-0-0\" class=\"so-panel widget widget_sow-editor panel-first-child panel-last-child\" data-index=\"1\" ><div\n\t\t\t\n\t\t\tclass=\"so-widget-sow-editor so-widget-sow-editor-base\"\n\t\t\t\n\t\t><h3 class=\"widget-title\">Haftungsausschluss<\/h3>\n<div class=\"siteorigin-widget-tinymce textwidget\">\n\t<p>Alle Informationen dieser Webseite werden ohne Anspruch auf Richtigkeit, Vollst\u00e4ndigkeit oder Aktualit\u00e4t zur Verf\u00fcgung gestellt. Das Dokument, jede Kopie des Dokuments oder eines Teils davon d\u00fcrfen nicht ohne schriftliche Zustimmung des Betreibers ver\u00e4ndert werden. F\u00fcr Internetseiten Dritter, auf die dieses Angebot durch so genannte Links verweist, tragen die jeweiligen Anbieter die Verantwortung. Der Betreiber ist f\u00fcr den Inhalt solcher Seiten Dritter nicht verantwortlich. Des Weiteren kann die Webseite ohne Wissen des Betreibers von anderen Seiten mittels sog. Links angelinkt werden. Der Betreiber \u00fcbernimmt keine Verantwortung f\u00fcr Darstellungen, Inhalt oder irgendeine Verbindung zu dieser Webseite in Webseiten Dritter. F\u00fcr fremde Inhalte ist der Betreiber nur dann verantwortlich, wenn von ihnen (d. h. auch von einem rechtswidrigen oder strafbaren Inhalt) positive Kenntnis vorliegt und es technisch m\u00f6glich und zumutbar ist, deren Nutzung zu verhindern. Der Betreiber ist nach dem E-Commerce-Gesetz jedoch nicht verpflichtet, die fremden Inhalte st\u00e4ndig zu \u00fcberpr\u00fcfen.<\/p>\n<\/div>\n<\/div><\/div><\/div><\/div><\/div>","protected":false},"excerpt":{"rendered":"<p>Diensteanbieter und Medieninhaber: Karin &amp; Dominik Wimmer Leonfeldnerstra\u00dfe 150 4040 Linz office@physiozentrum-gr\u00fcndberg.at Zust\u00e4ndiger Berufsverband: Physio Austria, Bundesverband der PhysiotherapeutInnen \u00d6sterreichs (www.physioaustria.at) Berufsbezeichnung: PhysiotherapeutIn (Diplom erworben in der Republik \u00d6sterreich) Freiberuflichenbescheid\/Meldung zur Freiberuflichkeit: Magistrat der Stadt Linz, Oktober\u00a02011 Die T\u00e4tigkeit unterliegt dem MTD-Gesetz (BGBINr. 460\/1992 in der geltenden Fassung) (http:\/\/www.ris.bka.gv.at\/bgbl) Verantwortlich f\u00fcr den Inhalt\u00a0dieser Webseite: Karin [&hellip;]<\/p>\n","protected":false},"author":1,"featured_media":0,"parent":0,"menu_order":0,"comment_status":"closed","ping_status":"closed","template":"","meta":{"footnotes":""},"class_list":["post-8131","page","type-page","status-publish","hentry"],"acf":[],"_links":{"self":[{"href":"https:\/\/xn--physiozentrum-grndberg-7lc.at\/index.php?rest_route=\/wp\/v2\/pages\/8131","targetHints":{"allow":["GET"]}}],"collection":[{"href":"https:\/\/xn--physiozentrum-grndberg-7lc.at\/index.php?rest_route=\/wp\/v2\/pages"}],"about":[{"href":"https:\/\/xn--physiozentrum-grndberg-7lc.at\/index.php?rest_route=\/wp\/v2\/types\/page"}],"author":[{"embeddable":true,"href":"https:\/\/xn--physiozentrum-grndberg-7lc.at\/index.php?rest_route=\/wp\/v2\/users\/1"}],"replies":[{"embeddable":true,"href":"https:\/\/xn--physiozentrum-grndberg-7lc.at\/index.php?rest_route=%2Fwp%2Fv2%2Fcomments&post=8131"}],"version-history":[{"count":12,"href":"https:\/\/xn--physiozentrum-grndberg-7lc.at\/index.php?rest_route=\/wp\/v2\/pages\/8131\/revisions"}],"predecessor-version":[{"id":8494,"href":"https:\/\/xn--physiozentrum-grndberg-7lc.at\/index.php?rest_route=\/wp\/v2\/pages\/8131\/revisions\/8494"}],"wp:attachment":[{"href":"https:\/\/xn--physiozentrum-grndberg-7lc.at\/index.php?rest_route=%2Fwp%2Fv2%2Fmedia&parent=8131"}],"curies":[{"name":"wp","href":"https:\/\/api.w.org\/{rel}","templated":true}]}}