{"id":7483,"date":"2020-11-25T21:38:30","date_gmt":"2020-11-25T21:38:30","guid":{"rendered":"https:\/\/export-demos.qreativethemes.com\/physio\/?page_id=2"},"modified":"2026-03-11T10:28:25","modified_gmt":"2026-03-11T09:28:25","slug":"about-us","status":"publish","type":"page","link":"https:\/\/xn--physiozentrum-grndberg-7lc.at\/?page_id=7483","title":{"rendered":"Das Team"},"content":{"rendered":"<div id=\"pl-7483\"  class=\"panel-layout\" ><div id=\"pg-7483-0\"  class=\"panel-grid panel-no-style\" ><div id=\"pgc-7483-0-0\"  class=\"panel-grid-cell\" ><div id=\"panel-7483-0-0-0\" class=\"so-panel widget widget_sow-editor panel-first-child panel-last-child\" data-index=\"0\" ><div\n\t\t\t\n\t\t\tclass=\"so-widget-sow-editor so-widget-sow-editor-base\"\n\t\t\t\n\t\t><h3 class=\"widget-title\">Unsere Ziele<\/h3>\n<div class=\"siteorigin-widget-tinymce textwidget\">\n\t<p>Wir sind stets bestrebt, unsere Patienten zu motivieren zur\u00fcck zu ihrer Gesundheit, Wohlbefinden und Fitness zu finden.<\/p>\n<p><strong>Hohe Qualit\u00e4t<\/strong><\/p>\n<p>Wir verfolgen einen zielorientierten Ansatz zur Heilung. Was auch immer Ihre Ziele sind, wir m\u00f6chten Ihnen helfen, sie zu erreichen.<\/p>\n<p><strong>Patientenbetreuung<\/strong><\/p>\n<p>Wir bieten Ihnen eine Behandlung in der Praxis und einen Pool an \u00dcbungen und Anregungen, welche Sie mit nach Hause nehmen k\u00f6nnen. So k\u00f6nnen Sie aktiv an Ihrer Genesung und Ihrer zuk\u00fcnftigen k\u00f6rperlichen Gesundheit mitwirken.<\/p>\n<p><strong>Professioneller Service<\/strong><\/p>\n<p>Wir verf\u00fcgen zusammen an \u00fcber 21 Jahre Erfahrung und haben eine gemeinsame Leidenschaft daf\u00fcr, unserer Gemeinschaft zu helfen, aktiv zu bleiben.<\/p>\n<\/div>\n<\/div><\/div><\/div><div id=\"pgc-7483-0-1\"  class=\"panel-grid-cell\" ><div id=\"panel-7483-0-1-0\" class=\"so-panel widget widget_media_image panel-first-child panel-last-child\" data-index=\"1\" ><img loading=\"lazy\" decoding=\"async\" width=\"360\" height=\"508\" src=\"https:\/\/xn--physiozentrum-grndberg-7lc.at\/wp-content\/uploads\/2022\/11\/20221125-Physiozentrum-217.jpg\" class=\"image wp-image-8335  attachment-full size-full\" alt=\"\" style=\"max-width: 100%; height: auto;\" srcset=\"https:\/\/xn--physiozentrum-grndberg-7lc.at\/wp-content\/uploads\/2022\/11\/20221125-Physiozentrum-217.jpg 360w, https:\/\/xn--physiozentrum-grndberg-7lc.at\/wp-content\/uploads\/2022\/11\/20221125-Physiozentrum-217-213x300.jpg 213w\" sizes=\"auto, (max-width: 360px) 100vw, 360px\" \/><\/div><\/div><\/div><div id=\"pg-7483-1\"  class=\"panel-grid panel-no-style\" ><div id=\"pgc-7483-1-0\"  class=\"panel-grid-cell\" ><div id=\"panel-7483-1-0-0\" class=\"so-panel widget widget_sow-editor panel-first-child panel-last-child\" data-index=\"2\" ><div\n\t\t\t\n\t\t\tclass=\"so-widget-sow-editor so-widget-sow-editor-base\"\n\t\t\t\n\t\t>\n<div class=\"siteorigin-widget-tinymce textwidget\">\n\t<p><img loading=\"lazy\" decoding=\"async\" class=\"size-full wp-image-245\" src=\"https:\/\/export-xml.qreativethemes.com\/physio\/wp-content\/uploads\/sites\/3\/2015\/11\/image-divider.jpg\" alt=\"image-divider\" width=\"1144\" height=\"50\" \/><\/p>\n<\/div>\n<\/div><\/div><\/div><\/div><div id=\"pg-7483-2\"  class=\"panel-grid panel-no-style\" ><div id=\"pgc-7483-2-0\"  class=\"panel-grid-cell\" ><div id=\"panel-7483-2-0-0\" class=\"so-panel widget widget_text panel-first-child panel-last-child\" data-index=\"3\" ><h3 class=\"widget-title\">Therapeuten<\/h3>\t\t\t<div class=\"textwidget\"><\/div>\n\t\t<\/div><\/div><\/div><div id=\"pg-7483-3\"  class=\"panel-grid panel-no-style\" ><div id=\"pgc-7483-3-0\"  class=\"panel-grid-cell\" ><div id=\"panel-7483-3-0-0\" class=\"so-panel widget widget_qt_team_member widget-team-member panel-first-child panel-last-child\" data-index=\"4\" >\n\t\t\t<div class=\"team-member\">\n\t\t\t\t\t\t\t\t\t<div class=\"team-member--image\">\n\t\t\t\t\t\t\t\t\t\t\t\t\t<img loading=\"lazy\" decoding=\"async\" width=\"460\" height=\"365\" src=\"https:\/\/xn--physiozentrum-grndberg-7lc.at\/wp-content\/uploads\/2022\/11\/20221125-Physiozentrum-200-1.jpg\" class=\"attachment-full size-full\" alt=\"\" srcset=\"https:\/\/xn--physiozentrum-grndberg-7lc.at\/wp-content\/uploads\/2022\/11\/20221125-Physiozentrum-200-1.jpg 460w, https:\/\/xn--physiozentrum-grndberg-7lc.at\/wp-content\/uploads\/2022\/11\/20221125-Physiozentrum-200-1-300x238.jpg 300w\" sizes=\"auto, (max-width: 460px) 100vw, 460px\" \/>\t\t\t\t\t\t\t\t\t\t\t\t\t\t\t\t\t\t<div class=\"team-member--social\">\n\t\t\t\t\t\t\t<div class=\"overlay--center\">\n\t\t\t\t\t\t\t\t\t\t\t\t\t\t\t\t\t<a href=\"#\" aria-label=\"Facebook\" ><i class=\"fab fa-facebook-f\"><\/i><\/a>\n\t\t\t\t\t\t\t\t\t\t\t\t\t\t\t\t\t\t\t\t\t\t\t\t\t<a href=\"#\" aria-label=\"Twitter\" ><i class=\"fab fa-twitter\"><\/i><\/a>\n\t\t\t\t\t\t\t\t\t\t\t\t\t\t\t\t\t\t\t\t\t\t\t\t\t<a href=\"#\" aria-label=\"LinkedIn\" ><i class=\"fab fa-linkedin\"><\/i><\/a>\n\t\t\t\t\t\t\t\t\t\t\t\t\t\t\t\t\t\t\t\t\t\t\t\t\t\t\t\t\t\t\t\t\t<a href=\"mailto:\" aria-label=\"Email\"><i class=\"fas fa-envelope\"><\/i><\/a>\n\t\t\t\t\t\t\t\t\t\t\t\t\t\t\t\t\t\t\t\t\t\t\t<\/div>\n\t\t\t\t\t\t<\/div>\n\t\t\t\t\t\t\t\t\t\t\t\t\t\t\t\t\t\t\t<a href=\"?page_id=2559\" aria-label=\"Weiterlesen\" class=\"link-overlay\"><\/a>\n\t\t\t\t\t\t\t\t\t\t\t<\/div>\n\t\t\t\t\t\t\t\t<div class=\"team-member--content\">\n\t\t\t\t\t<h4 class=\"team-member--name\">\n\t\t\t\t\t\t\t\t\t\t\t\t\t<a href=\"?page_id=2559\">\n\t\t\t\t\t\t\t\t\t\t\t\tDominik Wimmer\t\t\t\t\t\t<\/a>\t\t\t\t\t<\/h4>\n\t\t\t\t\t\t\t\t\t\t\t<span class=\"team-member--tag\">Physiotherapeut<\/span>\n\t\t\t\t\t\t\t\t\t\t\t\t\t\t\t\t<p class=\"team-member--description\">Ich begann 2011 nach meinem Abschluss an der Akademie f\u00fcr den physiotherapeutischen Dienst, Ried im Innkreis die freiberufliche T\u00e4tigkeit in ...<\/p>\n\t\t\t\t\t\t\t\t\t\t\t\t\t\t\t\t<a href=\"?page_id=2559\" class=\"text-link\">Weiterlesen<\/a>\n\t\t\t\t\t\t\t\t\t<\/div>\n\t\t\t<\/div>\n\n\t\t\t<\/div><\/div><div id=\"pgc-7483-3-1\"  class=\"panel-grid-cell panel-grid-cell-mobile-last\" ><div id=\"panel-7483-3-1-0\" class=\"so-panel widget widget_qt_team_member widget-team-member panel-first-child panel-last-child\" data-index=\"5\" >\n\t\t\t<div class=\"team-member\">\n\t\t\t\t\t\t\t\t\t<div class=\"team-member--image\">\n\t\t\t\t\t\t\t\t\t\t\t\t\t<img loading=\"lazy\" decoding=\"async\" width=\"460\" height=\"365\" src=\"https:\/\/xn--physiozentrum-grndberg-7lc.at\/wp-content\/uploads\/2022\/11\/20221125-Physiozentrum-155.jpg\" class=\"attachment-full size-full\" alt=\"\" srcset=\"https:\/\/xn--physiozentrum-grndberg-7lc.at\/wp-content\/uploads\/2022\/11\/20221125-Physiozentrum-155.jpg 460w, https:\/\/xn--physiozentrum-grndberg-7lc.at\/wp-content\/uploads\/2022\/11\/20221125-Physiozentrum-155-300x238.jpg 300w\" sizes=\"auto, (max-width: 460px) 100vw, 460px\" \/>\t\t\t\t\t\t\t\t\t\t\t\t\t\t\t\t\t\t<div class=\"team-member--social\">\n\t\t\t\t\t\t\t<div class=\"overlay--center\">\n\t\t\t\t\t\t\t\t\t\t\t\t\t\t\t\t\t<a href=\"#\" aria-label=\"Facebook\" ><i class=\"fab fa-facebook-f\"><\/i><\/a>\n\t\t\t\t\t\t\t\t\t\t\t\t\t\t\t\t\t\t\t\t\t\t\t\t\t<a href=\"#\" aria-label=\"Twitter\" ><i class=\"fab fa-twitter\"><\/i><\/a>\n\t\t\t\t\t\t\t\t\t\t\t\t\t\t\t\t\t\t\t\t\t\t\t\t\t<a href=\"#\" aria-label=\"LinkedIn\" ><i class=\"fab fa-linkedin\"><\/i><\/a>\n\t\t\t\t\t\t\t\t\t\t\t\t\t\t\t\t\t\t\t\t\t\t\t\t\t\t\t\t\t\t\t\t\t<a href=\"mailto:\" aria-label=\"Email\"><i class=\"fas fa-envelope\"><\/i><\/a>\n\t\t\t\t\t\t\t\t\t\t\t\t\t\t\t\t\t\t\t\t\t\t\t<\/div>\n\t\t\t\t\t\t<\/div>\n\t\t\t\t\t\t\t\t\t\t\t\t\t\t\t\t\t\t\t<a href=\"?page_id=7939\" aria-label=\"Weiterlesen\" class=\"link-overlay\"><\/a>\n\t\t\t\t\t\t\t\t\t\t\t<\/div>\n\t\t\t\t\t\t\t\t<div class=\"team-member--content\">\n\t\t\t\t\t<h4 class=\"team-member--name\">\n\t\t\t\t\t\t\t\t\t\t\t\t\t<a href=\"?page_id=7939\">\n\t\t\t\t\t\t\t\t\t\t\t\tKarin Wimmer\t\t\t\t\t\t<\/a>\t\t\t\t\t<\/h4>\n\t\t\t\t\t\t\t\t\t\t\t<span class=\"team-member--tag\">Physiotherapeutin<\/span>\n\t\t\t\t\t\t\t\t\t\t\t\t\t\t\t\t<p class=\"team-member--description\">F\u00fcr mich ist es wichtig Patienten als Ganzes zu betrachten und sie dementsprechend zu behandlen. Meine Schwerpunkte liegen in der Orthop\u00e4die, Gyn\u00e4kologie und Unfallchirurgie.<\/p>\n\t\t\t\t\t\t\t\t\t\t\t\t\t\t\t\t<a href=\"?page_id=7939\" class=\"text-link\">Weiterlesen<\/a>\n\t\t\t\t\t\t\t\t\t<\/div>\n\t\t\t<\/div>\n\n\t\t\t<\/div><\/div><div id=\"pgc-7483-3-2\"  class=\"panel-grid-cell panel-grid-cell-empty\" ><\/div><\/div><\/div>","protected":false},"excerpt":{"rendered":"<p>Wir sind stets bestrebt, unsere Patienten zu motivieren zur\u00fcck zu ihrer Gesundheit, Wohlbefinden und Fitness zu finden. Hohe Qualit\u00e4t Wir verfolgen einen zielorientierten Ansatz zur Heilung. Was auch immer Ihre Ziele sind, wir m\u00f6chten Ihnen helfen, sie zu erreichen. Patientenbetreuung Wir bieten Ihnen eine Behandlung in der Praxis und einen Pool an \u00dcbungen und Anregungen, [&hellip;]<\/p>\n","protected":false},"author":1,"featured_media":0,"parent":0,"menu_order":0,"comment_status":"closed","ping_status":"closed","template":"","meta":{"footnotes":""},"class_list":["post-7483","page","type-page","status-publish","hentry"],"acf":[],"_links":{"self":[{"href":"https:\/\/xn--physiozentrum-grndberg-7lc.at\/index.php?rest_route=\/wp\/v2\/pages\/7483","targetHints":{"allow":["GET"]}}],"collection":[{"href":"https:\/\/xn--physiozentrum-grndberg-7lc.at\/index.php?rest_route=\/wp\/v2\/pages"}],"about":[{"href":"https:\/\/xn--physiozentrum-grndberg-7lc.at\/index.php?rest_route=\/wp\/v2\/types\/page"}],"author":[{"embeddable":true,"href":"https:\/\/xn--physiozentrum-grndberg-7lc.at\/index.php?rest_route=\/wp\/v2\/users\/1"}],"replies":[{"embeddable":true,"href":"https:\/\/xn--physiozentrum-grndberg-7lc.at\/index.php?rest_route=%2Fwp%2Fv2%2Fcomments&post=7483"}],"version-history":[{"count":38,"href":"https:\/\/xn--physiozentrum-grndberg-7lc.at\/index.php?rest_route=\/wp\/v2\/pages\/7483\/revisions"}],"predecessor-version":[{"id":8544,"href":"https:\/\/xn--physiozentrum-grndberg-7lc.at\/index.php?rest_route=\/wp\/v2\/pages\/7483\/revisions\/8544"}],"wp:attachment":[{"href":"https:\/\/xn--physiozentrum-grndberg-7lc.at\/index.php?rest_route=%2Fwp%2Fv2%2Fmedia&parent=7483"}],"curies":[{"name":"wp","href":"https:\/\/api.w.org\/{rel}","templated":true}]}}