{"id":347,"date":"2020-12-04T13:09:18","date_gmt":"2020-12-04T13:09:18","guid":{"rendered":"https:\/\/export-demos.qreativethemes.com\/physio\/?page_id=347"},"modified":"2022-10-26T21:07:15","modified_gmt":"2022-10-26T19:07:15","slug":"faq-page","status":"publish","type":"page","link":"https:\/\/xn--physiozentrum-grndberg-7lc.at\/?page_id=347","title":{"rendered":"FAQ Page"},"content":{"rendered":"<div id=\"pl-347\"  class=\"panel-layout\" ><div id=\"pg-347-0\"  class=\"panel-grid panel-no-style\" ><div id=\"pgc-347-0-0\"  class=\"panel-grid-cell\" ><div id=\"panel-347-0-0-0\" class=\"so-panel widget widget_sow-editor panel-first-child panel-last-child\" data-index=\"0\" ><div\n\t\t\t\n\t\t\tclass=\"so-widget-sow-editor so-widget-sow-editor-base\"\n\t\t\t\n\t\t>\n<div class=\"siteorigin-widget-tinymce textwidget\">\n\t<h4>Was ist ein\/e Physiotherapeut\/in?<\/h4>\n<p>Physiotherapeuten verf\u00fcgen \u00fcber eine Hochschulausbildung und sind Experten f\u00fcr Verletzungsdiagnose, Verletzungsbehandlung, Trainingsvorgaben, Verletzungspr\u00e4vention, Rehabilitation und viele andere Bereiche des Sports, der Gesundheit und der Fitness.<\/p>\n<\/div>\n<\/div><\/div><\/div><div id=\"pgc-347-0-1\"  class=\"panel-grid-cell\" ><div id=\"panel-347-0-1-0\" class=\"so-panel widget widget_sow-editor panel-first-child panel-last-child\" data-index=\"1\" ><div\n\t\t\t\n\t\t\tclass=\"so-widget-sow-editor so-widget-sow-editor-base\"\n\t\t\t\n\t\t>\n<div class=\"siteorigin-widget-tinymce textwidget\">\n\t<h4>Was muss ich mitbringen?<\/h4>\n<p>Bereiten Sie sich darauf vor, Ihre medizinische oder chirurgische Vorgeschichte anzugeben. Wenn Sie diese haben und sie relevant sind, bringen Sie Scan-\/MRT-Berichte und eine Liste der Medikamente mit. Vielleicht m\u00f6chten Sie kurze Hosen und ein T-Shirt mitbringen.<\/p>\n<\/div>\n<\/div><\/div><\/div><div id=\"pgc-347-0-2\"  class=\"panel-grid-cell\" ><div id=\"panel-347-0-2-0\" class=\"so-panel widget widget_sow-editor panel-first-child panel-last-child\" data-index=\"2\" ><div\n\t\t\t\n\t\t\tclass=\"so-widget-sow-editor so-widget-sow-editor-base\"\n\t\t\t\n\t\t>\n<div class=\"siteorigin-widget-tinymce textwidget\">\n\t<h4>Wie viele Besuche werde ich ben\u00f6tigen?<\/h4>\n<p>Die Anzahl der Behandlungen h\u00e4ngt von dem jeweiligen Problem und der Person ab. Nach einer gr\u00fcndlichen Untersuchung bespricht der Physiotherapeut seinen Behandlungsplan f\u00fcr den Rehabilitationsprozess.<\/p>\n<\/div>\n<\/div><\/div><\/div><\/div><div id=\"pg-347-1\"  class=\"panel-grid panel-no-style\" ><div id=\"pgc-347-1-0\"  class=\"panel-grid-cell\" ><div id=\"panel-347-1-0-0\" class=\"so-panel widget widget_sow-editor panel-first-child panel-last-child\" data-index=\"3\" ><div\n\t\t\t\n\t\t\tclass=\"so-widget-sow-editor so-widget-sow-editor-base\"\n\t\t\t\n\t\t>\n<div class=\"siteorigin-widget-tinymce textwidget\">\n\t<h4>Was sollte ich zu meinem Termin anziehen?<\/h4>\n<p>Wenn wir Ihre F\u00fc\u00dfe behandeln, m\u00fcssen Sie sich nicht ausziehen, aber wenn wir Ihre Wirbels\u00e4ule behandeln, werden Sie so bequem sein, dass bescheidene Unterw\u00e4sche oder sogar ein Paar Shorts angemessen sind.<\/p>\n<\/div>\n<\/div><\/div><\/div><div id=\"pgc-347-1-1\"  class=\"panel-grid-cell\" ><div id=\"panel-347-1-1-0\" class=\"so-panel widget widget_sow-editor panel-first-child panel-last-child\" data-index=\"4\" ><div\n\t\t\t\n\t\t\tclass=\"so-widget-sow-editor so-widget-sow-editor-base\"\n\t\t\t\n\t\t>\n<div class=\"siteorigin-widget-tinymce textwidget\">\n\t<h4>Wie kann ich einen Termin vereinbaren?<\/h4>\n<p>Sie k\u00f6nnen uns telefonisch kontaktieren oder das Formular auf der Kontaktseite verwenden. Alternativ k\u00f6nnen Sie auch die schnelle und einfache Online-Buchung nutzen, die wir bevorzugen.<\/p>\n<\/div>\n<\/div><\/div><\/div><div id=\"pgc-347-1-2\"  class=\"panel-grid-cell\" ><div id=\"panel-347-1-2-0\" class=\"so-panel widget widget_sow-editor panel-first-child panel-last-child\" data-index=\"5\" ><div\n\t\t\t\n\t\t\tclass=\"so-widget-sow-editor so-widget-sow-editor-base\"\n\t\t\t\n\t\t>\n<div class=\"siteorigin-widget-tinymce textwidget\">\n\t<h4>Muss ich von einem Arzt \u00fcberwiesen werden?<\/h4>\n<p>Nein, Physiotherapeuten k\u00f6nnen ohne \u00dcberweisung eines Arztes untersuchen und behandeln. Die meisten Krankenkassen verlangen jedoch eine \u00e4rztliche \u00dcberweisung, bevor sie die Kosten\u00fcbernahme genehmigen, bei einigen gen\u00fcgt ein Anruf.<\/p>\n<\/div>\n<\/div><\/div><\/div><\/div><div id=\"pg-347-2\"  class=\"panel-grid panel-no-style\" ><div id=\"pgc-347-2-0\"  class=\"panel-grid-cell\" ><div id=\"panel-347-2-0-0\" class=\"so-panel widget widget_sow-editor panel-first-child panel-last-child\" data-index=\"6\" ><div class=\"smaller-widget-title panel-widget-style panel-widget-style-for-347-2-0-0\" ><div\n\t\t\t\n\t\t\tclass=\"so-widget-sow-editor so-widget-sow-editor-base\"\n\t\t\t\n\t\t>\n<div class=\"siteorigin-widget-tinymce textwidget\">\n\t<div class=\"panel-group\" id=\"accordion-0\" data-panel=\"accordion-0\"><\/p>\n<p><div class=\"panel\"><div class=\"panel-heading\"><h3 class=\"panel-title\"><a class=\"accordion-toggle\" data-toggle=\"collapse\" data-parent=\"#accordion-0\" href=\"#collapse_0\" aria-expanded=\"true\">Wie lange werde ich Physiotherapie ben\u00f6tigen?<\/a><\/h3><\/div><div id=\"collapse_0\" class=\"panel-collapse collapse in\"><div class=\"panel-body\"><\/p>\n<p>Die Dauer der Behandlung h\u00e4ngt von Ihrer Diagnose, dem Schweregrad Ihrer Beeintr\u00e4chtigungen, Ihrer Krankengeschichte und anderen Faktoren ab.\u00a0 Ihre Fortschritte werden in regelm\u00e4\u00dfigen Abst\u00e4nden \u00fcberpr\u00fcft, und Ihr Therapeut steht in Kontakt mit Ihrem Arzt, um Ihnen zu helfen, Ihre Therapieziele zu erreichen.<\/p>\n<p> <\/div><\/div><\/div><\/p>\n<p><div class=\"panel\"><div class=\"panel-heading\"><h3 class=\"panel-title\"><a class=\"accordion-toggle\" data-toggle=\"collapse\" data-parent=\"#accordion-0\" href=\"#collapse_1\" >Welche Beschwerden werden in der Physiotherapie behandelt?<\/a><\/h3><\/div><div id=\"collapse_1\" class=\"panel-collapse collapse \"><div class=\"panel-body\"><\/p>\n<p>Wir behandeln ein breites Spektrum an Beschwerden und Diagnosen.\u00a0 Eine ausf\u00fchrliche Liste der Beschwerden und Diagnosen, f\u00fcr die wir Patienten behandeln, finden Sie in unserem Leistungsangebot.<\/p>\n<p> <\/div><\/div><\/div><\/p>\n<p><div class=\"panel\"><div class=\"panel-heading\"><h3 class=\"panel-title\"><a class=\"accordion-toggle\" data-toggle=\"collapse\" data-parent=\"#accordion-0\" href=\"#collapse_2\" >Woher wei\u00df ich, ob meine Versicherung physiotherapeutische Leistungen \u00fcbernimmt?<\/a><\/h3><\/div><div id=\"collapse_2\" class=\"panel-collapse collapse \"><div class=\"panel-body\"><\/p>\n<p>Wir kl\u00e4ren mit Ihrer Krankenkasse ab, ob ambulante physiotherapeutische Leistungen von Ihrer Versicherung \u00fcbernommen werden. Wir empfehlen Ihnen, sich den Versicherungsschutz best\u00e4tigen zu lassen.<\/p>\n<p> <\/div><\/div><\/div><\/p>\n<p><div class=\"panel\"><div class=\"panel-heading\"><h3 class=\"panel-title\"><a class=\"accordion-toggle\" data-toggle=\"collapse\" data-parent=\"#accordion-0\" href=\"#collapse_3\" >Wie kann ich meine(n) Termin(e) absagen oder verschieben?<\/a><\/h3><\/div><div id=\"collapse_3\" class=\"panel-collapse collapse \"><div class=\"panel-body\"><\/p>\n<p>Rufen Sie uns bitte rechtzeitig an, um einen Termin zu verschieben oder abzusagen.<\/p>\n<p> <\/div><\/div><\/div><\/p>\n<p><\/div>\n<\/div>\n<\/div><\/div><\/div><\/div><\/div><\/div>","protected":false},"excerpt":{"rendered":"<p>Was ist ein\/e Physiotherapeut\/in? Physiotherapeuten verf\u00fcgen \u00fcber eine Hochschulausbildung und sind Experten f\u00fcr Verletzungsdiagnose, Verletzungsbehandlung, Trainingsvorgaben, Verletzungspr\u00e4vention, Rehabilitation und viele andere Bereiche des Sports, der Gesundheit und der Fitness. Was muss ich mitbringen? Bereiten Sie sich darauf vor, Ihre medizinische oder chirurgische Vorgeschichte anzugeben. Wenn Sie diese haben und sie relevant sind, bringen Sie Scan-\/MRT-Berichte [&hellip;]<\/p>\n","protected":false},"author":1,"featured_media":0,"parent":110,"menu_order":0,"comment_status":"closed","ping_status":"closed","template":"","meta":{"footnotes":""},"class_list":["post-347","page","type-page","status-publish","hentry"],"acf":[],"_links":{"self":[{"href":"https:\/\/xn--physiozentrum-grndberg-7lc.at\/index.php?rest_route=\/wp\/v2\/pages\/347","targetHints":{"allow":["GET"]}}],"collection":[{"href":"https:\/\/xn--physiozentrum-grndberg-7lc.at\/index.php?rest_route=\/wp\/v2\/pages"}],"about":[{"href":"https:\/\/xn--physiozentrum-grndberg-7lc.at\/index.php?rest_route=\/wp\/v2\/types\/page"}],"author":[{"embeddable":true,"href":"https:\/\/xn--physiozentrum-grndberg-7lc.at\/index.php?rest_route=\/wp\/v2\/users\/1"}],"replies":[{"embeddable":true,"href":"https:\/\/xn--physiozentrum-grndberg-7lc.at\/index.php?rest_route=%2Fwp%2Fv2%2Fcomments&post=347"}],"version-history":[{"count":4,"href":"https:\/\/xn--physiozentrum-grndberg-7lc.at\/index.php?rest_route=\/wp\/v2\/pages\/347\/revisions"}],"predecessor-version":[{"id":8210,"href":"https:\/\/xn--physiozentrum-grndberg-7lc.at\/index.php?rest_route=\/wp\/v2\/pages\/347\/revisions\/8210"}],"up":[{"embeddable":true,"href":"https:\/\/xn--physiozentrum-grndberg-7lc.at\/index.php?rest_route=\/wp\/v2\/pages\/110"}],"wp:attachment":[{"href":"https:\/\/xn--physiozentrum-grndberg-7lc.at\/index.php?rest_route=%2Fwp%2Fv2%2Fmedia&parent=347"}],"curies":[{"name":"wp","href":"https:\/\/api.w.org\/{rel}","templated":true}]}}