{"id":320,"date":"2020-12-04T11:47:57","date_gmt":"2020-12-04T11:47:57","guid":{"rendered":"https:\/\/export-demos.qreativethemes.com\/physio\/?page_id=320"},"modified":"2026-03-27T12:48:19","modified_gmt":"2026-03-27T11:48:19","slug":"price-list","status":"publish","type":"page","link":"https:\/\/xn--physiozentrum-grndberg-7lc.at\/?page_id=320","title":{"rendered":"Preise"},"content":{"rendered":"<div id=\"pl-320\"  class=\"panel-layout\" ><div id=\"pg-320-0\"  class=\"panel-grid panel-no-style\" ><div id=\"pgc-320-0-0\"  class=\"panel-grid-cell\" ><div id=\"panel-320-0-0-0\" class=\"so-panel widget widget_text panel-first-child panel-last-child\" data-index=\"0\" >\t\t\t<div class=\"textwidget\"><h3>Physiotherapie<\/h3>\n<table class=\"custom-table\">\n\t<thead>\n\t\t<tr>\n\t\t\t<td>Dauer<\/td>\n\t\t\t<td>Preis<\/td>\n\t\t<\/tr>\n\t<\/thead>\n\t<tbody>\n\t\t<tr>\n\t\t\t<td>30 Minuten<\/td>\n\t\t\t<td>\u20ac 64<\/td>\n\t\t<\/tr>\n\t\t<tr>\n\t\t\t<td>45 Minuten<\/td>\n\t\t\t<td>\u20ac 92<\/td>\n\t\t<\/tr>\n\t\t<tr>\n\t\t\t<td>60 Minuten<\/td>\n\t\t\t<td>\u20ac 119<\/td>\n\t\t<\/tr>\n\t<\/tbody>\n<\/table><\/div>\n\t\t<\/div><\/div><div id=\"pgc-320-0-1\"  class=\"panel-grid-cell\" ><div id=\"panel-320-0-1-0\" class=\"so-panel widget widget_text panel-first-child panel-last-child\" data-index=\"1\" >\t\t\t<div class=\"textwidget\"><h3>Lymphdrainage<\/h3>\n<table class=\"custom-table\">\n\t<thead>\n\t\t<tr>\n\t\t\t<td>Dauer<\/td>\n\t\t\t<td>Preis<\/td>\n\t\t<\/tr>\n\t<\/thead>\n\t<tbody>\n\t\t<tr>\n\t\t\t<td>30 Minuten<\/td>\n\t\t\t<td>\u20ac 64<\/td>\n\t\t<\/tr>\n\t\t<tr>\n\t\t\t<td>45 Minuten<\/td>\n\t\t\t<td>\u20ac 92<\/td>\n\t\t<\/tr>\n\t\t<tr>\n\t\t\t<td>60 Minuten<\/td>\n\t\t\t<td>\u20ac 119<\/td>\n\t\t<\/tr>\n\t<\/tbody>\n<\/table><\/div>\n\t\t<\/div><\/div><\/div><div id=\"pg-320-1\"  class=\"panel-grid panel-no-style\" ><div id=\"pgc-320-1-0\"  class=\"panel-grid-cell\" ><div id=\"panel-320-1-0-0\" class=\"so-panel widget widget_text panel-first-child panel-last-child\" data-index=\"2\" >\t\t\t<div class=\"textwidget\"><h3>Einzeltraining<\/h3>\n<table class=\"custom-table\">\n\t<thead>\n\t\t<tr>\n\t\t\t<td>Dauer<\/td>\n\t\t\t<td>Preis<\/td>\n\t\t<\/tr>\n\t<\/thead>\n\t<tbody>\n\t\t<tr>\n\t\t\t<td>30 Minuten<\/td>\n\t\t\t<td>\u20ac 64<\/td>\n\t\t<\/tr>\n\t\t<tr>\n\t\t\t<td>45 Minuten<\/td>\n\t\t\t<td>\u20ac 92<\/td>\n\t\t<\/tr>\n\t\t<tr>\n\t\t\t<td>60 Minuten<\/td>\n\t\t\t<td>\u20ac 119<\/td>\n\t\t<\/tr>\n\t<\/tbody>\n<\/table><\/div>\n\t\t<\/div><\/div><div id=\"pgc-320-1-1\"  class=\"panel-grid-cell\" ><div id=\"panel-320-1-1-0\" class=\"so-panel widget widget_text panel-first-child panel-last-child\" data-index=\"3\" >\t\t\t<div class=\"textwidget\"><h3>Gruppentraining a 3-4 Personen<\/h3>\n<table class=\"custom-table\">\n\t<thead>\n\t\t<tr>\n\t\t\t<td>Dauer<\/td>\n\t\t\t<td>Preis<\/td>\n\t\t<\/tr>\n\t<\/thead>\n\t<tbody>\n\t\t<tr>\n\t\t\t<td>60 Minuten<\/td>\n\t\t\t<td>\u20ac 40<\/td>\n\t\t<\/tr>\n\t\t<tr>\n\t\t\t\n\t\t<\/tr>\n\t<\/tbody>\n<\/table><\/div>\n\t\t<\/div><\/div><\/div><div id=\"pg-320-2\"  class=\"panel-grid panel-no-style\" ><div id=\"pgc-320-2-0\"  class=\"panel-grid-cell\" ><div id=\"panel-320-2-0-0\" class=\"so-panel widget widget_text panel-first-child panel-last-child\" data-index=\"4\" >\t\t\t<div class=\"textwidget\"><\/div>\n\t\t<\/div><\/div><div id=\"pgc-320-2-1\"  class=\"panel-grid-cell\" ><div id=\"panel-320-2-1-0\" class=\"so-panel widget widget_text panel-first-child panel-last-child\" data-index=\"5\" >\t\t\t<div class=\"textwidget\"><\/div>\n\t\t<\/div><\/div><\/div><div id=\"pg-320-3\"  class=\"panel-grid panel-no-style\" ><div id=\"pgc-320-3-0\"  class=\"panel-grid-cell\" ><div id=\"panel-320-3-0-0\" class=\"so-panel widget widget_text panel-first-child panel-last-child\" data-index=\"6\" >\t\t\t<div class=\"textwidget\"><h3>Zus\u00e4tzliche Leistungen<\/h3>\n<table class=\"custom-table\">\n\t<thead>\n\t\t<tr>\n\t\t\t<td>Leistung<\/td>\n\t\t\t<td>Preis<\/td>\n\t\t<\/tr>\n\t<\/thead>\n\t<tbody>\n\t\t<tr>\n\t\t\t<td>Taping<\/td>\n\t\t\t<td>\u20ac 10<\/td>\n\t\t<\/tr>\n\t\t<tr>\n\t\t\t<td>Softlaser Therapie<\/td>\n\t\t\t<td>\u20ac 10<\/td>\n<\/tr>\n\t\t<tr>\n\t\t\t<td>Zuschlag Hausbesuch<\/td>\n\t\t\t<td>\u20ac 47<\/td>\n\t\t<\/tr>\n\t\t<tr>\n\t\t\t<td>Kilometergeld<\/td>\n\t\t\t<td>\u20ac 0,80<\/td>\n\t\t<\/tr>\n\t<\/tbody>\n<\/table><\/div>\n\t\t<\/div><\/div><\/div><div id=\"pg-320-4\"  class=\"panel-grid panel-no-style\" ><div id=\"pgc-320-4-0\"  class=\"panel-grid-cell\" ><div id=\"panel-320-4-0-0\" class=\"so-panel widget widget_sow-editor panel-first-child panel-last-child\" data-index=\"7\" ><div\n\t\t\t\n\t\t\tclass=\"so-widget-sow-editor so-widget-sow-editor-base\"\n\t\t\t\n\t\t><h3 class=\"widget-title\">Hinweis<\/h3>\n<div class=\"siteorigin-widget-tinymce textwidget\">\n\t<p>Wir m\u00f6chten Sie darauf hinweisen, dass wir\u00a0<strong>Wahl-Physiotherapeuten<\/strong>\u00a0sind und Sie demnach einen Teil der Behandlungskosten selbst tragen m\u00fcssen.<\/p>\n<p>Voraussetzung f\u00fcr eine Behandlung ist eine von Ihrem Arzt ausgestellte Verordnung f\u00fcr Physiotherapie\u00a0<em>(im Idealfall: 10x Physiotherapie \u00e1 45 Minuten)<\/em>.<\/p>\n<p>Wir k\u00fcmmern uns gerne pers\u00f6nlich um das Einholen der chef\u00e4rztlichen Bewilligung. Dies gew\u00e4hrleistet, dass Sie nach Ende der Therapie den Kassenanteil von Ihrer Kassa refundiert bekommen.\u00a0Die H\u00f6he der R\u00fcckerstattung h\u00e4ngt von den jeweiligen Tarifen, der Therapiedauer und der Art der Leistung ab.\u00a0Die Restkosten k\u00f6nnen sie bei einer entsprechenden Unfall- oder Zusatzversicherung geltend machen.<\/p>\n<p><a href=\"https:\/\/xn--physiozentrum-grndberg-7lc.at\/wp-content\/uploads\/2026\/03\/Rueckerstattung-OeGK.pdf\">R\u00fcckerstattung \u00d6GK<\/a><\/p>\n<p>Tarife g\u00fcltig ab M\u00e4rz 2026<\/p>\n<\/div>\n<\/div><\/div><\/div><\/div><\/div>","protected":false},"excerpt":{"rendered":"<p>Physiotherapie Dauer Preis 30 Minuten \u20ac 64 45 Minuten \u20ac 92 60 Minuten \u20ac 119 Lymphdrainage Dauer Preis 30 Minuten \u20ac 64 45 Minuten \u20ac 92 60 Minuten \u20ac 119 Einzeltraining Dauer Preis 30 Minuten \u20ac 64 45 Minuten \u20ac 92 60 Minuten \u20ac 119 Gruppentraining a 3-4 Personen Dauer Preis 60 Minuten \u20ac 40<\/p>\n","protected":false},"author":1,"featured_media":0,"parent":110,"menu_order":0,"comment_status":"closed","ping_status":"closed","template":"","meta":{"footnotes":""},"class_list":["post-320","page","type-page","status-publish","hentry"],"acf":[],"_links":{"self":[{"href":"https:\/\/xn--physiozentrum-grndberg-7lc.at\/index.php?rest_route=\/wp\/v2\/pages\/320","targetHints":{"allow":["GET"]}}],"collection":[{"href":"https:\/\/xn--physiozentrum-grndberg-7lc.at\/index.php?rest_route=\/wp\/v2\/pages"}],"about":[{"href":"https:\/\/xn--physiozentrum-grndberg-7lc.at\/index.php?rest_route=\/wp\/v2\/types\/page"}],"author":[{"embeddable":true,"href":"https:\/\/xn--physiozentrum-grndberg-7lc.at\/index.php?rest_route=\/wp\/v2\/users\/1"}],"replies":[{"embeddable":true,"href":"https:\/\/xn--physiozentrum-grndberg-7lc.at\/index.php?rest_route=%2Fwp%2Fv2%2Fcomments&post=320"}],"version-history":[{"count":43,"href":"https:\/\/xn--physiozentrum-grndberg-7lc.at\/index.php?rest_route=\/wp\/v2\/pages\/320\/revisions"}],"predecessor-version":[{"id":8551,"href":"https:\/\/xn--physiozentrum-grndberg-7lc.at\/index.php?rest_route=\/wp\/v2\/pages\/320\/revisions\/8551"}],"up":[{"embeddable":true,"href":"https:\/\/xn--physiozentrum-grndberg-7lc.at\/index.php?rest_route=\/wp\/v2\/pages\/110"}],"wp:attachment":[{"href":"https:\/\/xn--physiozentrum-grndberg-7lc.at\/index.php?rest_route=%2Fwp%2Fv2%2Fmedia&parent=320"}],"curies":[{"name":"wp","href":"https:\/\/api.w.org\/{rel}","templated":true}]}}