{"id":307,"date":"2020-12-03T23:30:13","date_gmt":"2020-12-03T23:30:13","guid":{"rendered":"https:\/\/export-demos.qreativethemes.com\/physio\/?page_id=307"},"modified":"2024-05-02T16:47:14","modified_gmt":"2024-05-02T14:47:14","slug":"physical-therapy","status":"publish","type":"page","link":"https:\/\/xn--physiozentrum-grndberg-7lc.at\/?page_id=307","title":{"rendered":"Physiotherapie"},"content":{"rendered":"<div id=\"pl-307\"  class=\"panel-layout\" ><div id=\"pg-307-0\"  class=\"panel-grid panel-no-style\" ><div id=\"pgc-307-0-0\"  class=\"panel-grid-cell\" ><div id=\"panel-307-0-0-0\" class=\"so-panel widget widget_media_image panel-first-child\" data-index=\"0\" ><a href=\"https:\/\/xn--physiozentrum-grndberg-7lc.at\/wp-content\/uploads\/2022\/11\/20221125-Physiozentrum-272.jpg\"><img loading=\"lazy\" decoding=\"async\" width=\"850\" height=\"567\" src=\"https:\/\/xn--physiozentrum-grndberg-7lc.at\/wp-content\/uploads\/2022\/11\/20221125-Physiozentrum-272.jpg\" class=\"image wp-image-8393  attachment-full size-full\" alt=\"\" style=\"max-width: 100%; height: auto;\" srcset=\"https:\/\/xn--physiozentrum-grndberg-7lc.at\/wp-content\/uploads\/2022\/11\/20221125-Physiozentrum-272.jpg 850w, https:\/\/xn--physiozentrum-grndberg-7lc.at\/wp-content\/uploads\/2022\/11\/20221125-Physiozentrum-272-300x200.jpg 300w, https:\/\/xn--physiozentrum-grndberg-7lc.at\/wp-content\/uploads\/2022\/11\/20221125-Physiozentrum-272-768x512.jpg 768w, https:\/\/xn--physiozentrum-grndberg-7lc.at\/wp-content\/uploads\/2022\/11\/20221125-Physiozentrum-272-360x240.jpg 360w, https:\/\/xn--physiozentrum-grndberg-7lc.at\/wp-content\/uploads\/2022\/11\/20221125-Physiozentrum-272-272x182.jpg 272w\" sizes=\"auto, (max-width: 850px) 100vw, 850px\" \/><\/a><\/div><div id=\"panel-307-0-0-1\" class=\"so-panel widget widget_media_image\" data-index=\"1\" ><a href=\"https:\/\/xn--physiozentrum-grndberg-7lc.at\/wp-content\/uploads\/2022\/11\/20221125-Physiozentrum-386.jpg\"><img loading=\"lazy\" decoding=\"async\" width=\"850\" height=\"567\" src=\"https:\/\/xn--physiozentrum-grndberg-7lc.at\/wp-content\/uploads\/2022\/11\/20221125-Physiozentrum-386.jpg\" class=\"image wp-image-8395  attachment-full size-full\" alt=\"\" style=\"max-width: 100%; height: auto;\" srcset=\"https:\/\/xn--physiozentrum-grndberg-7lc.at\/wp-content\/uploads\/2022\/11\/20221125-Physiozentrum-386.jpg 850w, https:\/\/xn--physiozentrum-grndberg-7lc.at\/wp-content\/uploads\/2022\/11\/20221125-Physiozentrum-386-300x200.jpg 300w, https:\/\/xn--physiozentrum-grndberg-7lc.at\/wp-content\/uploads\/2022\/11\/20221125-Physiozentrum-386-768x512.jpg 768w, https:\/\/xn--physiozentrum-grndberg-7lc.at\/wp-content\/uploads\/2022\/11\/20221125-Physiozentrum-386-360x240.jpg 360w, https:\/\/xn--physiozentrum-grndberg-7lc.at\/wp-content\/uploads\/2022\/11\/20221125-Physiozentrum-386-272x182.jpg 272w\" sizes=\"auto, (max-width: 850px) 100vw, 850px\" \/><\/a><\/div><div id=\"panel-307-0-0-2\" class=\"so-panel widget widget_media_image\" data-index=\"2\" ><a href=\"https:\/\/xn--physiozentrum-grndberg-7lc.at\/wp-content\/uploads\/2022\/11\/20221125-Physiozentrum-350.jpg\"><img loading=\"lazy\" decoding=\"async\" width=\"850\" height=\"567\" src=\"https:\/\/xn--physiozentrum-grndberg-7lc.at\/wp-content\/uploads\/2022\/11\/20221125-Physiozentrum-350.jpg\" class=\"image wp-image-8394  attachment-full size-full\" alt=\"\" style=\"max-width: 100%; height: auto;\" srcset=\"https:\/\/xn--physiozentrum-grndberg-7lc.at\/wp-content\/uploads\/2022\/11\/20221125-Physiozentrum-350.jpg 850w, https:\/\/xn--physiozentrum-grndberg-7lc.at\/wp-content\/uploads\/2022\/11\/20221125-Physiozentrum-350-300x200.jpg 300w, https:\/\/xn--physiozentrum-grndberg-7lc.at\/wp-content\/uploads\/2022\/11\/20221125-Physiozentrum-350-768x512.jpg 768w, https:\/\/xn--physiozentrum-grndberg-7lc.at\/wp-content\/uploads\/2022\/11\/20221125-Physiozentrum-350-360x240.jpg 360w, https:\/\/xn--physiozentrum-grndberg-7lc.at\/wp-content\/uploads\/2022\/11\/20221125-Physiozentrum-350-272x182.jpg 272w\" sizes=\"auto, (max-width: 850px) 100vw, 850px\" \/><\/a><\/div><div id=\"panel-307-0-0-3\" class=\"so-panel widget widget_media_image panel-last-child\" data-index=\"3\" ><a href=\"https:\/\/xn--physiozentrum-grndberg-7lc.at\/wp-content\/uploads\/2022\/11\/20221125-Physiozentrum-235.jpg\"><img loading=\"lazy\" decoding=\"async\" width=\"850\" height=\"567\" src=\"https:\/\/xn--physiozentrum-grndberg-7lc.at\/wp-content\/uploads\/2022\/11\/20221125-Physiozentrum-235.jpg\" class=\"image wp-image-8392  attachment-full size-full\" alt=\"\" style=\"max-width: 100%; height: auto;\" srcset=\"https:\/\/xn--physiozentrum-grndberg-7lc.at\/wp-content\/uploads\/2022\/11\/20221125-Physiozentrum-235.jpg 850w, https:\/\/xn--physiozentrum-grndberg-7lc.at\/wp-content\/uploads\/2022\/11\/20221125-Physiozentrum-235-300x200.jpg 300w, https:\/\/xn--physiozentrum-grndberg-7lc.at\/wp-content\/uploads\/2022\/11\/20221125-Physiozentrum-235-768x512.jpg 768w, https:\/\/xn--physiozentrum-grndberg-7lc.at\/wp-content\/uploads\/2022\/11\/20221125-Physiozentrum-235-360x240.jpg 360w, https:\/\/xn--physiozentrum-grndberg-7lc.at\/wp-content\/uploads\/2022\/11\/20221125-Physiozentrum-235-272x182.jpg 272w\" sizes=\"auto, (max-width: 850px) 100vw, 850px\" \/><\/a><\/div><\/div><div id=\"pgc-307-0-1\"  class=\"panel-grid-cell\" ><div id=\"panel-307-0-1-0\" class=\"so-panel widget widget_sow-editor panel-first-child panel-last-child\" data-index=\"4\" ><div\n\t\t\t\n\t\t\tclass=\"so-widget-sow-editor so-widget-sow-editor-base\"\n\t\t\t\n\t\t>\n<div class=\"siteorigin-widget-tinymce textwidget\">\n\t<p><span style=\"color: #56afd5; font-size: 15px;\"><strong>Wir bieten physiotherapeutische Leistungen<\/strong><\/span><\/p>\n<p>Ihre pers\u00f6nliche Physiotherapie beginnt mit einer umfassenden Bewertung der Funktionseinschr\u00e4nkungen und Schmerzbereiche. Unser Team aus erfahrenen Physiotherapeuten erstellt einen Behandlungsplan, der auf Ihre Bed\u00fcrfnisse und Ziele abgestimmt ist. W\u00e4hrend der gesamten Behandlung werden wir uns daf\u00fcr einsetzen, dass Sie zu allen normalen T\u00e4tigkeiten zur\u00fcckkehren bzw Ihren gewohnten Sport betreiben k\u00f6nnen.<\/p>\n<p>Zus\u00e4tzlich zur Behandlung in unserer Praxis erhalten Sie ein individuelles \u00dcbungsprogramm f\u00fcr zu Hause, das es Ihnen erm\u00f6glicht, Ihre Rehabilitation weiter zu verbessern. Auf Wunsch k\u00f6nnen Sie gerne einen Trainingsplan incl App von uns zur Verf\u00fcgung gestellt bekommen.<\/p>\n<p>&nbsp;<\/p>\n<p><strong><span style=\"color: #56afd5; font-size: 15px;\">Indikationen f\u00fcr Physiotherapie<\/span><\/strong><\/p>\n<p>Orthop\u00e4die<\/p>\n<ul>\n<li>Wirbels\u00e4ulen- und Gelenksbeschwerden<\/li>\n<li>Bandscheibenprobleme<\/li>\n<li>Arthrosen<\/li>\n<li>K\u00fcnstliche Gelenksersatz<\/li>\n<li>Haltungsschw\u00e4che<\/li>\n<li>Nacken- und Kopfschmerzen<\/li>\n<li>Osteoporose<\/li>\n<li>Fu\u00dfprobleme<\/li>\n<li>nach Operationen<\/li>\n<\/ul>\n<p>Gyn\u00e4kologie<\/p>\n<ul>\n<li>Geburtsvorbereitung<\/li>\n<li>R\u00fcckbildung<\/li>\n<li>Beckenbodentraining nach Operationen<\/li>\n<li>Inkontinenz<\/li>\n<li>Schwangerschaft<\/li>\n<\/ul>\n<p>Neurologie<\/p>\n<ul>\n<li>Schlaganfall<\/li>\n<li>Morbus Parkinson<\/li>\n<li>Sch\u00e4del-Hirn Trauma<\/li>\n<li>Bandscheibenoperationen<\/li>\n<li>Multiple Sklerose<\/li>\n<li>Muskeldystrophie<\/li>\n<\/ul>\n<p>Unfallchirurgie<\/p>\n<ul>\n<li>Nachbehandlung von Knochenbr\u00fcchen<\/li>\n<li>Rehabilitation nach Unf\u00e4llen und Operationen<\/li>\n<\/ul>\n<p>Geriatrie<\/p>\n<ul>\n<li>Gleichgewichtsst\u00f6rungen<\/li>\n<li>Muskelschw\u00e4che<\/li>\n<li>Osteoporose<\/li>\n<li>Gangunsicherheit<\/li>\n<\/ul>\n<p>&nbsp;<\/p>\n<\/div>\n<\/div><\/div><\/div><\/div><\/div>","protected":false},"excerpt":{"rendered":"<p>Die Physiotherapie ist eine der wesentlichen Leistungen, die wir anbieten. Wir Therapeuten arbeiten eng mit den Patienten zusammen, um ihr motorisches Leistungsverm\u00f6gen zu verbessern und ihnen zu einer ges\u00fcnderen Lebensweise zu verhelfen.<\/p>\n","protected":false},"author":1,"featured_media":8367,"parent":110,"menu_order":0,"comment_status":"closed","ping_status":"closed","template":"","meta":{"footnotes":""},"class_list":["post-307","page","type-page","status-publish","has-post-thumbnail","hentry"],"acf":[],"_links":{"self":[{"href":"https:\/\/xn--physiozentrum-grndberg-7lc.at\/index.php?rest_route=\/wp\/v2\/pages\/307","targetHints":{"allow":["GET"]}}],"collection":[{"href":"https:\/\/xn--physiozentrum-grndberg-7lc.at\/index.php?rest_route=\/wp\/v2\/pages"}],"about":[{"href":"https:\/\/xn--physiozentrum-grndberg-7lc.at\/index.php?rest_route=\/wp\/v2\/types\/page"}],"author":[{"embeddable":true,"href":"https:\/\/xn--physiozentrum-grndberg-7lc.at\/index.php?rest_route=\/wp\/v2\/users\/1"}],"replies":[{"embeddable":true,"href":"https:\/\/xn--physiozentrum-grndberg-7lc.at\/index.php?rest_route=%2Fwp%2Fv2%2Fcomments&post=307"}],"version-history":[{"count":19,"href":"https:\/\/xn--physiozentrum-grndberg-7lc.at\/index.php?rest_route=\/wp\/v2\/pages\/307\/revisions"}],"predecessor-version":[{"id":8509,"href":"https:\/\/xn--physiozentrum-grndberg-7lc.at\/index.php?rest_route=\/wp\/v2\/pages\/307\/revisions\/8509"}],"up":[{"embeddable":true,"href":"https:\/\/xn--physiozentrum-grndberg-7lc.at\/index.php?rest_route=\/wp\/v2\/pages\/110"}],"wp:featuredmedia":[{"embeddable":true,"href":"https:\/\/xn--physiozentrum-grndberg-7lc.at\/index.php?rest_route=\/wp\/v2\/media\/8367"}],"wp:attachment":[{"href":"https:\/\/xn--physiozentrum-grndberg-7lc.at\/index.php?rest_route=%2Fwp%2Fv2%2Fmedia&parent=307"}],"curies":[{"name":"wp","href":"https:\/\/api.w.org\/{rel}","templated":true}]}}