{"id":2568,"date":"2020-12-11T14:39:50","date_gmt":"2020-12-11T14:39:50","guid":{"rendered":"https:\/\/export-demos.qreativethemes.com\/physio\/?page_id=2568"},"modified":"2022-11-26T22:33:39","modified_gmt":"2022-11-26T21:33:39","slug":"manhatten","status":"publish","type":"page","link":"https:\/\/xn--physiozentrum-grndberg-7lc.at\/?page_id=2568","title":{"rendered":"Praxis"},"content":{"rendered":"<div id=\"pl-2568\"  class=\"panel-layout\" ><div id=\"pg-2568-0\"  class=\"panel-grid panel-no-style\" ><div id=\"pgc-2568-0-0\"  class=\"panel-grid-cell\" ><div id=\"panel-2568-0-0-0\" class=\"so-panel widget widget_qt_google_map_iframe widget-google-map-iframe panel-first-child panel-last-child\" data-index=\"0\" >\n\t    \t<div class=\"qt-map-iframe\">\n\t\t\t\t<iframe loading=\"lazy\" frameborder=\"0\" title=\"Google Maps\" src=\"https:\/\/maps.google.com\/maps?f=q&source=s_q&hl=en&geocode=&q=Leonfeldnerstra\u00dfe+150+4040+Linz&z=14&output=embed\" width=\"100%\" height=\"427px;\"><\/iframe>\n\t\t\t<\/div>\n\t\t\t\t\n\t\t\t<\/div><\/div><div id=\"pgc-2568-0-1\"  class=\"panel-grid-cell\" ><div id=\"panel-2568-0-1-0\" class=\"so-panel widget widget_sow-editor panel-first-child panel-last-child\" data-index=\"1\" ><div class=\"featured-box panel-widget-style panel-widget-style-for-2568-0-1-0\" ><div\n\t\t\t\n\t\t\tclass=\"so-widget-sow-editor so-widget-sow-editor-base\"\n\t\t\t\n\t\t>\n<div class=\"siteorigin-widget-tinymce textwidget\">\n\t<p><strong>Addresse<br \/>\n<\/strong><span style=\"line-height: 1.5;\">Leonfeldner Stra\u00dfe 150<br \/>\n<\/span><span style=\"line-height: 1.5;\">4040 Linz<br \/>\n<\/span><span style=\"line-height: 1.5;\">\u00d6sterreich<\/span><\/p>\n<hr \/>\n<p><strong>Telefon<\/strong><br \/>\n0732 22 00 58<\/p>\n<hr \/>\n<p><strong>Email Addresse<\/strong><br \/>\noffice@physiozentrum-gr\u00fcndberg.at<\/p>\n<\/div>\n<\/div><\/div><\/div><\/div><\/div><div id=\"pg-2568-1\"  class=\"panel-grid panel-no-style\" ><div id=\"pgc-2568-1-0\"  class=\"panel-grid-cell\" ><div id=\"panel-2568-1-0-0\" class=\"so-panel widget widget_sow-editor panel-first-child panel-last-child\" data-index=\"2\" ><div\n\t\t\t\n\t\t\tclass=\"so-widget-sow-editor so-widget-sow-editor-base\"\n\t\t\t\n\t\t><h3 class=\"widget-title\">Unsere Therapier\u00e4ume<\/h3>\n<div class=\"siteorigin-widget-tinymce textwidget\">\n\t<p>Auf 150m\u00b2 neugestalteter Therapiefl\u00e4che nehmen wir Sie mit Freude in Empfang. Unsere Praxis besteht aus 2 Therapier\u00e4umen, Trainingsraum, WC, Garderobe mit Dusche und einem Wartebreich. Hier finden Sie einige Bilder und Impressionen unserer R\u00e4umlichkeiten. Kontaktieren Sie uns noch heute, um einen Termin zu vereinbaren oder weitere Informationen zu erhalten.<\/p>\n<p>&nbsp;<\/p>\n<\/div>\n<\/div><\/div><\/div><\/div><div id=\"pg-2568-2\"  class=\"panel-grid panel-no-style\" ><div id=\"pgc-2568-2-0\"  class=\"panel-grid-cell\" ><div id=\"panel-2568-2-0-0\" class=\"so-panel widget widget_media_gallery panel-first-child panel-last-child\" data-index=\"3\" ><div id='gallery-1' class='gallery galleryid-2568 gallery-columns-3 gallery-size-full'><figure class='gallery-item'>\n\t\t\t<div class='gallery-icon landscape'>\n\t\t\t\t<img loading=\"lazy\" decoding=\"async\" width=\"300\" height=\"200\" src=\"https:\/\/xn--physiozentrum-grndberg-7lc.at\/wp-content\/uploads\/2022\/11\/20221125-Physiozentrum-004.jpg\" class=\"attachment-full size-full\" alt=\"\" srcset=\"https:\/\/xn--physiozentrum-grndberg-7lc.at\/wp-content\/uploads\/2022\/11\/20221125-Physiozentrum-004.jpg 300w, https:\/\/xn--physiozentrum-grndberg-7lc.at\/wp-content\/uploads\/2022\/11\/20221125-Physiozentrum-004-272x182.jpg 272w\" sizes=\"auto, (max-width: 300px) 100vw, 300px\" \/>\n\t\t\t<\/div><\/figure><figure class='gallery-item'>\n\t\t\t<div class='gallery-icon landscape'>\n\t\t\t\t<img loading=\"lazy\" decoding=\"async\" width=\"300\" height=\"200\" src=\"https:\/\/xn--physiozentrum-grndberg-7lc.at\/wp-content\/uploads\/2022\/11\/20221125-Physiozentrum-007.jpg\" class=\"attachment-full size-full\" alt=\"\" srcset=\"https:\/\/xn--physiozentrum-grndberg-7lc.at\/wp-content\/uploads\/2022\/11\/20221125-Physiozentrum-007.jpg 300w, https:\/\/xn--physiozentrum-grndberg-7lc.at\/wp-content\/uploads\/2022\/11\/20221125-Physiozentrum-007-272x182.jpg 272w\" sizes=\"auto, (max-width: 300px) 100vw, 300px\" \/>\n\t\t\t<\/div><\/figure><figure class='gallery-item'>\n\t\t\t<div class='gallery-icon landscape'>\n\t\t\t\t<img loading=\"lazy\" decoding=\"async\" width=\"300\" height=\"200\" src=\"https:\/\/xn--physiozentrum-grndberg-7lc.at\/wp-content\/uploads\/2022\/11\/20221125-Physiozentrum-009.jpg\" class=\"attachment-full size-full\" alt=\"\" srcset=\"https:\/\/xn--physiozentrum-grndberg-7lc.at\/wp-content\/uploads\/2022\/11\/20221125-Physiozentrum-009.jpg 300w, https:\/\/xn--physiozentrum-grndberg-7lc.at\/wp-content\/uploads\/2022\/11\/20221125-Physiozentrum-009-272x182.jpg 272w\" sizes=\"auto, (max-width: 300px) 100vw, 300px\" \/>\n\t\t\t<\/div><\/figure><figure class='gallery-item'>\n\t\t\t<div class='gallery-icon landscape'>\n\t\t\t\t<img loading=\"lazy\" decoding=\"async\" width=\"300\" height=\"200\" src=\"https:\/\/xn--physiozentrum-grndberg-7lc.at\/wp-content\/uploads\/2022\/11\/20221125-Physiozentrum-011.jpg\" class=\"attachment-full size-full\" alt=\"\" srcset=\"https:\/\/xn--physiozentrum-grndberg-7lc.at\/wp-content\/uploads\/2022\/11\/20221125-Physiozentrum-011.jpg 300w, https:\/\/xn--physiozentrum-grndberg-7lc.at\/wp-content\/uploads\/2022\/11\/20221125-Physiozentrum-011-272x182.jpg 272w\" sizes=\"auto, (max-width: 300px) 100vw, 300px\" \/>\n\t\t\t<\/div><\/figure><figure class='gallery-item'>\n\t\t\t<div class='gallery-icon landscape'>\n\t\t\t\t<img loading=\"lazy\" decoding=\"async\" width=\"300\" height=\"200\" src=\"https:\/\/xn--physiozentrum-grndberg-7lc.at\/wp-content\/uploads\/2022\/11\/20221125-Physiozentrum-013.jpg\" class=\"attachment-full size-full\" alt=\"\" srcset=\"https:\/\/xn--physiozentrum-grndberg-7lc.at\/wp-content\/uploads\/2022\/11\/20221125-Physiozentrum-013.jpg 300w, https:\/\/xn--physiozentrum-grndberg-7lc.at\/wp-content\/uploads\/2022\/11\/20221125-Physiozentrum-013-272x182.jpg 272w\" sizes=\"auto, (max-width: 300px) 100vw, 300px\" \/>\n\t\t\t<\/div><\/figure><figure class='gallery-item'>\n\t\t\t<div class='gallery-icon landscape'>\n\t\t\t\t<img loading=\"lazy\" decoding=\"async\" width=\"300\" height=\"200\" src=\"https:\/\/xn--physiozentrum-grndberg-7lc.at\/wp-content\/uploads\/2022\/11\/20221125-Physiozentrum-018.jpg\" class=\"attachment-full size-full\" alt=\"\" srcset=\"https:\/\/xn--physiozentrum-grndberg-7lc.at\/wp-content\/uploads\/2022\/11\/20221125-Physiozentrum-018.jpg 300w, https:\/\/xn--physiozentrum-grndberg-7lc.at\/wp-content\/uploads\/2022\/11\/20221125-Physiozentrum-018-272x182.jpg 272w\" sizes=\"auto, (max-width: 300px) 100vw, 300px\" \/>\n\t\t\t<\/div><\/figure>\n\t\t<\/div>\n<\/div><\/div><\/div><\/div>","protected":false},"excerpt":{"rendered":"<p>Addresse Leonfeldner Stra\u00dfe 150 4040 Linz \u00d6sterreich Telefon 0732 22 00 58 Email Addresse office@physiozentrum-gr\u00fcndberg.at Auf 150m\u00b2 neugestalteter Therapiefl\u00e4che nehmen wir Sie mit Freude in Empfang. Unsere Praxis besteht aus 2 Therapier\u00e4umen, Trainingsraum, WC, Garderobe mit Dusche und einem Wartebreich. Hier finden Sie einige Bilder und Impressionen unserer R\u00e4umlichkeiten. Kontaktieren Sie uns noch heute, um [&hellip;]<\/p>\n","protected":false},"author":1,"featured_media":0,"parent":0,"menu_order":0,"comment_status":"closed","ping_status":"closed","template":"","meta":{"footnotes":""},"class_list":["post-2568","page","type-page","status-publish","hentry"],"acf":[],"_links":{"self":[{"href":"https:\/\/xn--physiozentrum-grndberg-7lc.at\/index.php?rest_route=\/wp\/v2\/pages\/2568","targetHints":{"allow":["GET"]}}],"collection":[{"href":"https:\/\/xn--physiozentrum-grndberg-7lc.at\/index.php?rest_route=\/wp\/v2\/pages"}],"about":[{"href":"https:\/\/xn--physiozentrum-grndberg-7lc.at\/index.php?rest_route=\/wp\/v2\/types\/page"}],"author":[{"embeddable":true,"href":"https:\/\/xn--physiozentrum-grndberg-7lc.at\/index.php?rest_route=\/wp\/v2\/users\/1"}],"replies":[{"embeddable":true,"href":"https:\/\/xn--physiozentrum-grndberg-7lc.at\/index.php?rest_route=%2Fwp%2Fv2%2Fcomments&post=2568"}],"version-history":[{"count":38,"href":"https:\/\/xn--physiozentrum-grndberg-7lc.at\/index.php?rest_route=\/wp\/v2\/pages\/2568\/revisions"}],"predecessor-version":[{"id":8361,"href":"https:\/\/xn--physiozentrum-grndberg-7lc.at\/index.php?rest_route=\/wp\/v2\/pages\/2568\/revisions\/8361"}],"wp:attachment":[{"href":"https:\/\/xn--physiozentrum-grndberg-7lc.at\/index.php?rest_route=%2Fwp%2Fv2%2Fmedia&parent=2568"}],"curies":[{"name":"wp","href":"https:\/\/api.w.org\/{rel}","templated":true}]}}