{"id":2559,"date":"2020-12-10T23:38:54","date_gmt":"2020-12-10T23:38:54","guid":{"rendered":"https:\/\/export-demos.qreativethemes.com\/physio\/?page_id=2559"},"modified":"2025-05-13T11:06:20","modified_gmt":"2025-05-13T09:06:20","slug":"single-therapist","status":"publish","type":"page","link":"https:\/\/xn--physiozentrum-grndberg-7lc.at\/?page_id=2559","title":{"rendered":"Dominik Wimmer"},"content":{"rendered":"<div id=\"pl-2559\"  class=\"panel-layout\" ><div id=\"pg-2559-0\"  class=\"panel-grid panel-no-style\" ><div id=\"pgc-2559-0-0\"  class=\"panel-grid-cell\" ><div id=\"panel-2559-0-0-0\" class=\"so-panel widget widget_sow-editor panel-first-child panel-last-child\" data-index=\"0\" ><div\n\t\t\t\n\t\t\tclass=\"so-widget-sow-editor so-widget-sow-editor-base\"\n\t\t\t\n\t\t>\n<div class=\"siteorigin-widget-tinymce textwidget\">\n\t<p>Ich er\u00f6ffnete gemeinsam mit meiner Frau Karin das Physiozentrum Gr\u00fcndberg im Jahr 2022 mit der Absicht, eine Praxis zu schaffen, die das Beste der traditionellen Physiotherapie mit den Prinzipien und Techniken der manuellen Therapie verbindet.<\/p>\n<p>Mit \u00fcber 12 Jahren Erfahrung folge ich\u00a0 in unserer Praxis der Philosophie, dass Therapie am erfolgreichsten ist, wenn Menschen als ganze Menschen und nicht als einzelne Teile behandelt werden.<\/p>\n<p><span style=\"color: #56afd5; font-size: 15px;\"><strong>Ausbildung<\/strong><\/span><br \/>\n2011 Studienabschluss an der Akademie f\u00fcr Physiotherapie in Ried im Innkreis<\/p>\n<p><span style=\"color: #56afd5; font-size: 15px;\"><strong>Beruflicher Werdegang\u00a0<\/strong><\/span><br \/>\n<strong>2011 \u2013 2015<\/strong><br \/>\nFreiberufliche T\u00e4tigkeit in eigener Praxis f\u00fcr Physiotherapie, Physiotherapie Wimmer<br \/>\n<strong>2012 \u2013 2013<\/strong><br \/>\nPhysiotherapeut am LKH Freistadt<br \/>\n<strong>2013 \u2013 2018<\/strong><br \/>\nFreiberufliche T\u00e4tigkeit in der Facharztordination f\u00fcr Orthop\u00e4die Dr. Herbert Sch\u00e4ffer<br \/>\n<strong>2015 - 2022<\/strong><br \/>\nFreiberufliche T\u00e4tigkeit in eigener Praxis, OPT-Therapie<br \/>\n<strong>seit 2022<\/strong><br \/>\nFreiberufliche T\u00e4tigkeit in unserer Praxis, Physiozentrum Gr\u00fcndberg<\/p>\n<p><span style=\"color: #56afd5; font-size: 15px;\"><strong>Zusatzausbildungen<\/strong><\/span><\/p>\n<ul>\n<li>laufende Fortbildungen vor allem im Bereich der Orthop\u00e4die und Unfallchirurgie<\/li>\n<\/ul>\n<p>&nbsp;<\/p>\n<p>&nbsp;<\/p>\n<\/div>\n<\/div><\/div><\/div><div id=\"pgc-2559-0-1\"  class=\"panel-grid-cell\" ><div id=\"panel-2559-0-1-0\" class=\"so-panel widget widget_media_image panel-first-child\" data-index=\"1\" ><a href=\"https:\/\/xn--physiozentrum-grndberg-7lc.at\/wp-content\/uploads\/2022\/11\/20221125-Physiozentrum-200-2.jpg\"><img loading=\"lazy\" decoding=\"async\" width=\"850\" height=\"567\" src=\"https:\/\/xn--physiozentrum-grndberg-7lc.at\/wp-content\/uploads\/2022\/11\/20221125-Physiozentrum-200-2.jpg\" class=\"image wp-image-8366  attachment-full size-full\" alt=\"\" style=\"max-width: 100%; height: auto;\" srcset=\"https:\/\/xn--physiozentrum-grndberg-7lc.at\/wp-content\/uploads\/2022\/11\/20221125-Physiozentrum-200-2.jpg 850w, https:\/\/xn--physiozentrum-grndberg-7lc.at\/wp-content\/uploads\/2022\/11\/20221125-Physiozentrum-200-2-300x200.jpg 300w, https:\/\/xn--physiozentrum-grndberg-7lc.at\/wp-content\/uploads\/2022\/11\/20221125-Physiozentrum-200-2-768x512.jpg 768w, https:\/\/xn--physiozentrum-grndberg-7lc.at\/wp-content\/uploads\/2022\/11\/20221125-Physiozentrum-200-2-360x240.jpg 360w, https:\/\/xn--physiozentrum-grndberg-7lc.at\/wp-content\/uploads\/2022\/11\/20221125-Physiozentrum-200-2-272x182.jpg 272w\" sizes=\"auto, (max-width: 850px) 100vw, 850px\" \/><\/a><\/div><div id=\"panel-2559-0-1-1\" class=\"so-panel widget widget_media_image\" data-index=\"2\" ><a href=\"https:\/\/xn--physiozentrum-grndberg-7lc.at\/wp-content\/uploads\/2022\/11\/20221125-Physiozentrum-306.jpg\"><img loading=\"lazy\" decoding=\"async\" width=\"850\" height=\"567\" src=\"https:\/\/xn--physiozentrum-grndberg-7lc.at\/wp-content\/uploads\/2022\/11\/20221125-Physiozentrum-306.jpg\" class=\"image wp-image-8367  attachment-full size-full\" alt=\"\" style=\"max-width: 100%; height: auto;\" srcset=\"https:\/\/xn--physiozentrum-grndberg-7lc.at\/wp-content\/uploads\/2022\/11\/20221125-Physiozentrum-306.jpg 850w, https:\/\/xn--physiozentrum-grndberg-7lc.at\/wp-content\/uploads\/2022\/11\/20221125-Physiozentrum-306-300x200.jpg 300w, https:\/\/xn--physiozentrum-grndberg-7lc.at\/wp-content\/uploads\/2022\/11\/20221125-Physiozentrum-306-768x512.jpg 768w, https:\/\/xn--physiozentrum-grndberg-7lc.at\/wp-content\/uploads\/2022\/11\/20221125-Physiozentrum-306-360x240.jpg 360w, https:\/\/xn--physiozentrum-grndberg-7lc.at\/wp-content\/uploads\/2022\/11\/20221125-Physiozentrum-306-272x182.jpg 272w\" sizes=\"auto, (max-width: 850px) 100vw, 850px\" \/><\/a><\/div><div id=\"panel-2559-0-1-2\" class=\"so-panel widget widget_media_image panel-last-child\" data-index=\"3\" ><a href=\"https:\/\/xn--physiozentrum-grndberg-7lc.at\/wp-content\/uploads\/2022\/11\/20221125-Physiozentrum-335.jpg\"><img loading=\"lazy\" decoding=\"async\" width=\"850\" height=\"567\" src=\"https:\/\/xn--physiozentrum-grndberg-7lc.at\/wp-content\/uploads\/2022\/11\/20221125-Physiozentrum-335.jpg\" class=\"image wp-image-8368  attachment-full size-full\" alt=\"\" style=\"max-width: 100%; height: auto;\" srcset=\"https:\/\/xn--physiozentrum-grndberg-7lc.at\/wp-content\/uploads\/2022\/11\/20221125-Physiozentrum-335.jpg 850w, https:\/\/xn--physiozentrum-grndberg-7lc.at\/wp-content\/uploads\/2022\/11\/20221125-Physiozentrum-335-300x200.jpg 300w, https:\/\/xn--physiozentrum-grndberg-7lc.at\/wp-content\/uploads\/2022\/11\/20221125-Physiozentrum-335-768x512.jpg 768w, https:\/\/xn--physiozentrum-grndberg-7lc.at\/wp-content\/uploads\/2022\/11\/20221125-Physiozentrum-335-360x240.jpg 360w, https:\/\/xn--physiozentrum-grndberg-7lc.at\/wp-content\/uploads\/2022\/11\/20221125-Physiozentrum-335-272x182.jpg 272w\" sizes=\"auto, (max-width: 850px) 100vw, 850px\" \/><\/a><\/div><\/div><\/div><div id=\"pg-2559-1\"  class=\"panel-grid panel-no-style\" ><div id=\"pgc-2559-1-0\"  class=\"panel-grid-cell\" ><div id=\"panel-2559-1-0-0\" class=\"so-panel widget widget_sow-editor panel-first-child panel-last-child\" data-index=\"4\" ><div\n\t\t\t\n\t\t\tclass=\"so-widget-sow-editor so-widget-sow-editor-base\"\n\t\t\t\n\t\t><h3 class=\"widget-title\">Dominik Wimmer kontaktieren<\/h3>\n<div class=\"siteorigin-widget-tinymce textwidget\">\n\t\n<div class=\"wpcf7 no-js\" id=\"wpcf7-f8221-o1\" lang=\"en-US\" dir=\"ltr\" data-wpcf7-id=\"8221\">\n<div class=\"screen-reader-response\"><p role=\"status\" aria-live=\"polite\" aria-atomic=\"true\"><\/p> <ul><\/ul><\/div>\n<form action=\"\/index.php?rest_route=%2Fwp%2Fv2%2Fpages%2F2559#wpcf7-f8221-o1\" method=\"post\" class=\"wpcf7-form init\" aria-label=\"Contact form\" novalidate=\"novalidate\" data-status=\"init\">\n<fieldset class=\"hidden-fields-container\"><input type=\"hidden\" name=\"_wpcf7\" value=\"8221\" \/><input type=\"hidden\" name=\"_wpcf7_version\" value=\"6.1.5\" \/><input type=\"hidden\" name=\"_wpcf7_locale\" value=\"en_US\" \/><input type=\"hidden\" name=\"_wpcf7_unit_tag\" value=\"wpcf7-f8221-o1\" \/><input type=\"hidden\" name=\"_wpcf7_container_post\" value=\"0\" \/><input type=\"hidden\" name=\"_wpcf7_posted_data_hash\" value=\"\" \/>\n<\/fieldset>\n<div class=\"white-featured-box\">\n\t<div class=\"row\">\n\t\t<div class=\"col-xs-12 col-md-6\">\n\t\t\t<p><span>Name *<\/span><span class=\"wpcf7-form-control-wrap\" data-name=\"your-name\"><input size=\"40\" maxlength=\"400\" class=\"wpcf7-form-control wpcf7-text wpcf7-validates-as-required\" aria-required=\"true\" aria-invalid=\"false\" placeholder=\"Vor- und Nachname\" value=\"\" type=\"text\" name=\"your-name\" \/><\/span><span>E-Mail *<\/span><span class=\"wpcf7-form-control-wrap\" data-name=\"your-email\"><input size=\"40\" maxlength=\"400\" class=\"wpcf7-form-control wpcf7-email wpcf7-validates-as-required wpcf7-text wpcf7-validates-as-email\" aria-required=\"true\" aria-invalid=\"false\" placeholder=\"E-Mail Adresse\" value=\"\" type=\"email\" name=\"your-email\" \/><\/span><span>Telefon-Nr. *<\/span><span class=\"wpcf7-form-control-wrap\" data-name=\"your-phone\"><input size=\"40\" maxlength=\"400\" class=\"wpcf7-form-control wpcf7-tel wpcf7-validates-as-required wpcf7-text wpcf7-validates-as-tel\" aria-required=\"true\" aria-invalid=\"false\" placeholder=\"Telefon Nummer\" value=\"\" type=\"tel\" name=\"your-phone\" \/><\/span>\n\t\t\t<\/p>\n\t\t<\/div>\n\t\t<div class=\"col-xs-12 col-md-6\">\n\t\t\t<p><span>Betreff<\/span><span class=\"wpcf7-form-control-wrap\" data-name=\"your-subject\"><input size=\"40\" maxlength=\"400\" class=\"wpcf7-form-control wpcf7-text\" aria-invalid=\"false\" placeholder=\"Betreff\" value=\"\" type=\"text\" name=\"your-subject\" \/><\/span><span>Nachricht *<\/span><span class=\"wpcf7-form-control-wrap\" data-name=\"your-message\"><textarea cols=\"40\" rows=\"10\" maxlength=\"2000\" class=\"wpcf7-form-control wpcf7-textarea\" aria-invalid=\"false\" placeholder=\"Geben Sie hier ihre Nachricht ein..\" name=\"your-message\"><\/textarea><\/span><input class=\"wpcf7-form-control wpcf7-submit has-spinner btn btn-primary\" type=\"submit\" value=\"Senden\" \/><input type=\"reset\" class=\"btn btn-outline\" value=\"L\u00f6schen\" \/>\n\t\t\t<\/p>\n\t\t<\/div>\n\t<\/div>\n<\/div><div class=\"wpcf7-response-output\" aria-hidden=\"true\"><\/div>\n<\/form>\n<\/div>\n\n<\/div>\n<\/div><\/div><\/div><\/div><\/div>","protected":false},"excerpt":{"rendered":"<p>Ich er\u00f6ffnete gemeinsam mit meiner Frau Karin das Physiozentrum Gr\u00fcndberg im Jahr 2022 mit der Absicht, eine Praxis zu schaffen, die das Beste der traditionellen Physiotherapie mit den Prinzipien und Techniken der manuellen Therapie verbindet. Mit \u00fcber 12 Jahren Erfahrung folge ich\u00a0 in unserer Praxis der Philosophie, dass Therapie am erfolgreichsten ist, wenn Menschen als [&hellip;]<\/p>\n","protected":false},"author":1,"featured_media":0,"parent":7483,"menu_order":0,"comment_status":"closed","ping_status":"closed","template":"","meta":{"footnotes":""},"class_list":["post-2559","page","type-page","status-publish","hentry"],"acf":[],"_links":{"self":[{"href":"https:\/\/xn--physiozentrum-grndberg-7lc.at\/index.php?rest_route=\/wp\/v2\/pages\/2559","targetHints":{"allow":["GET"]}}],"collection":[{"href":"https:\/\/xn--physiozentrum-grndberg-7lc.at\/index.php?rest_route=\/wp\/v2\/pages"}],"about":[{"href":"https:\/\/xn--physiozentrum-grndberg-7lc.at\/index.php?rest_route=\/wp\/v2\/types\/page"}],"author":[{"embeddable":true,"href":"https:\/\/xn--physiozentrum-grndberg-7lc.at\/index.php?rest_route=\/wp\/v2\/users\/1"}],"replies":[{"embeddable":true,"href":"https:\/\/xn--physiozentrum-grndberg-7lc.at\/index.php?rest_route=%2Fwp%2Fv2%2Fcomments&post=2559"}],"version-history":[{"count":24,"href":"https:\/\/xn--physiozentrum-grndberg-7lc.at\/index.php?rest_route=\/wp\/v2\/pages\/2559\/revisions"}],"predecessor-version":[{"id":8527,"href":"https:\/\/xn--physiozentrum-grndberg-7lc.at\/index.php?rest_route=\/wp\/v2\/pages\/2559\/revisions\/8527"}],"up":[{"embeddable":true,"href":"https:\/\/xn--physiozentrum-grndberg-7lc.at\/index.php?rest_route=\/wp\/v2\/pages\/7483"}],"wp:attachment":[{"href":"https:\/\/xn--physiozentrum-grndberg-7lc.at\/index.php?rest_route=%2Fwp%2Fv2%2Fmedia&parent=2559"}],"curies":[{"name":"wp","href":"https:\/\/api.w.org\/{rel}","templated":true}]}}